{"id":2298,"date":"2021-08-23T09:04:03","date_gmt":"2021-08-23T07:04:03","guid":{"rendered":"https:\/\/airtrock.ch\/fr\/histoire-de-lentreprise-hersche-airtrock-gmbh-copy\/"},"modified":"2023-02-13T17:34:25","modified_gmt":"2023-02-13T16:34:25","slug":"conseil-et-developpement","status":"publish","type":"page","link":"https:\/\/airtrock.ch\/fr\/conseil-et-developpement\/","title":{"rendered":"Conseil et d\u00e9veloppement"},"content":{"rendered":"\t\t<div data-elementor-type=\"wp-post\" data-elementor-id=\"2298\" class=\"elementor elementor-2298\">\n\t\t\t\t\t\t<section class=\"elementor-section elementor-top-section elementor-element elementor-element-12165d4 elementor-section-stretched elementor-section-height-min-height elementor-section-full_width elementor-section-height-default elementor-section-items-middle\" data-id=\"12165d4\" data-element_type=\"section\" data-e-type=\"section\" data-settings=\"{&quot;stretch_section&quot;:&quot;section-stretched&quot;,&quot;background_background&quot;:&quot;classic&quot;}\">\n\t\t\t\t\t\t<div class=\"elementor-container elementor-column-gap-default\">\n\t\t\t\t\t<div class=\"elementor-column elementor-col-100 elementor-top-column elementor-element elementor-element-28880ae\" data-id=\"28880ae\" data-element_type=\"column\" data-e-type=\"column\" data-settings=\"{&quot;background_background&quot;:&quot;classic&quot;}\">\n\t\t\t<div class=\"elementor-widget-wrap\">\n\t\t\t\t\t<div class=\"elementor-background-overlay\"><\/div>\n\t\t\t\t\t\t\t<\/div>\n\t\t<\/div>\n\t\t\t\t\t<\/div>\n\t\t<\/section>\n\t\t\t\t<section class=\"elementor-section elementor-top-section elementor-element elementor-element-0d9239e elementor-section-stretched elementor-section-boxed elementor-section-height-default elementor-section-height-default\" data-id=\"0d9239e\" data-element_type=\"section\" data-e-type=\"section\" data-settings=\"{&quot;stretch_section&quot;:&quot;section-stretched&quot;,&quot;background_background&quot;:&quot;classic&quot;}\">\n\t\t\t\t\t\t<div class=\"elementor-container elementor-column-gap-default\">\n\t\t\t\t\t<div class=\"elementor-column elementor-col-100 elementor-top-column elementor-element elementor-element-0652b19\" data-id=\"0652b19\" data-element_type=\"column\" data-e-type=\"column\">\n\t\t\t<div class=\"elementor-widget-wrap elementor-element-populated\">\n\t\t\t\t\t\t<div class=\"elementor-element elementor-element-e8a8edf elementor-widget elementor-widget-text-editor\" data-id=\"e8a8edf\" data-element_type=\"widget\" data-e-type=\"widget\" data-widget_type=\"text-editor.default\">\n\t\t\t\t<div class=\"elementor-widget-container\">\n\t\t\t\t\t\t\t\t\t<p><strong>Conseil et d\u00e9veloppement<\/strong><\/p>\t\t\t\t\t\t\t\t<\/div>\n\t\t\t\t<\/div>\n\t\t\t\t\t<\/div>\n\t\t<\/div>\n\t\t\t\t\t<\/div>\n\t\t<\/section>\n\t\t\t\t<section class=\"elementor-section elementor-top-section elementor-element elementor-element-30e6fe2 elementor-section-boxed elementor-section-height-default elementor-section-height-default\" data-id=\"30e6fe2\" data-element_type=\"section\" data-e-type=\"section\">\n\t\t\t\t\t\t<div class=\"elementor-container elementor-column-gap-default\">\n\t\t\t\t\t<div class=\"elementor-column elementor-col-100 elementor-top-column elementor-element elementor-element-c41af83\" data-id=\"c41af83\" data-element_type=\"column\" data-e-type=\"column\">\n\t\t\t<div class=\"elementor-widget-wrap elementor-element-populated\">\n\t\t\t\t\t\t<div class=\"elementor-element elementor-element-cff006e elementor-widget elementor-widget-spacer\" data-id=\"cff006e\" data-element_type=\"widget\" data-e-type=\"widget\" data-widget_type=\"spacer.default\">\n\t\t\t\t<div class=\"elementor-widget-container\">\n\t\t\t\t\t\t\t<div class=\"elementor-spacer\">\n\t\t\t<div class=\"elementor-spacer-inner\"><\/div>\n\t\t<\/div>\n\t\t\t\t\t\t<\/div>\n\t\t\t\t<\/div>\n\t\t\t\t\t<\/div>\n\t\t<\/div>\n\t\t\t\t\t<\/div>\n\t\t<\/section>\n\t\t\t\t<section class=\"elementor-section elementor-top-section elementor-element elementor-element-6df396b7 elementor-section-boxed elementor-section-height-default elementor-section-height-default\" data-id=\"6df396b7\" data-element_type=\"section\" data-e-type=\"section\">\n\t\t\t\t\t\t<div class=\"elementor-container elementor-column-gap-default\">\n\t\t\t\t\t<div class=\"elementor-column elementor-col-100 elementor-top-column elementor-element elementor-element-466b8c54\" data-id=\"466b8c54\" data-element_type=\"column\" data-e-type=\"column\">\n\t\t\t<div class=\"elementor-widget-wrap elementor-element-populated\">\n\t\t\t\t\t\t<div class=\"elementor-element elementor-element-43f3a8eb elementor-widget elementor-widget-text-editor\" data-id=\"43f3a8eb\" data-element_type=\"widget\" data-e-type=\"widget\" data-widget_type=\"text-editor.default\">\n\t\t\t\t<div class=\"elementor-widget-container\">\n\t\t\t\t\t\t\t\t\t<p>Nous vous <a href=\"https:\/\/airtrock.ch\/fr\/conseils-et-offres\/\" target=\"_blank\" rel=\"noopener\">conseillons<\/a> volontiers en personne ou par t\u00e9l\u00e9phone au 062 758 53 53. Dans certains cas, nous recommandons une consultation sur place. Nous prenons le temps de nous faire une id\u00e9e d\u2019ensemble de votre situation et de vos besoins pour pouvoir vous proposer la solution optimale.<\/p><p>Vous avez des exigences particuli\u00e8res ou un espace limit\u00e9 \u00e0 disposition ? Nous d\u00e9veloppons des appareils individuels selon vos besoins \u2013 de l\u2019esquisse au produit final.<\/p><p>De cette fa\u00e7on, nous avons d\u00e9velopp\u00e9 de nombreuses solutions pour le s\u00e9chage des ustensils sp\u00e9ciaux ou des appareils taill\u00e9s sur mesure en cas d&rsquo;espace limit\u00e9, qui r\u00e9solvent beaucoup de probl\u00e8mes d&rsquo;un seul coup et qui font plaisir \u00e0 long terme gr\u00e2ce \u00e0 leurs avantages.<\/p><p>Consultation, d\u00e9veloppement, livraison, montage et service apr\u00e8s-vente aupr\u00e8s d\u2019un seul fournisseur \u2013 Hersche Airtrock S\u00e0rl, Richenthal<\/p>\t\t\t\t\t\t\t\t<\/div>\n\t\t\t\t<\/div>\n\t\t\t\t\t<\/div>\n\t\t<\/div>\n\t\t\t\t\t<\/div>\n\t\t<\/section>\n\t\t\t\t<section class=\"elementor-section elementor-top-section elementor-element elementor-element-9cbc5c4 elementor-section-boxed elementor-section-height-default elementor-section-height-default\" data-id=\"9cbc5c4\" data-element_type=\"section\" data-e-type=\"section\">\n\t\t\t\t\t\t<div class=\"elementor-container elementor-column-gap-default\">\n\t\t\t\t\t<div class=\"elementor-column elementor-col-100 elementor-top-column elementor-element elementor-element-af0e880\" data-id=\"af0e880\" data-element_type=\"column\" data-e-type=\"column\">\n\t\t\t<div class=\"elementor-widget-wrap elementor-element-populated\">\n\t\t\t\t\t\t<section class=\"elementor-section elementor-inner-section elementor-element elementor-element-3bab073 elementor-section-boxed elementor-section-height-default elementor-section-height-default\" data-id=\"3bab073\" data-element_type=\"section\" data-e-type=\"section\">\n\t\t\t\t\t\t<div class=\"elementor-container elementor-column-gap-default\">\n\t\t\t\t\t<div class=\"elementor-column elementor-col-50 elementor-inner-column elementor-element elementor-element-d968661\" data-id=\"d968661\" data-element_type=\"column\" data-e-type=\"column\">\n\t\t\t<div class=\"elementor-widget-wrap elementor-element-populated\">\n\t\t\t\t\t\t<div class=\"elementor-element elementor-element-8c8b3b7 elementor-button-success elementor-align-center elementor-widget elementor-widget-button\" data-id=\"8c8b3b7\" data-element_type=\"widget\" data-e-type=\"widget\" data-widget_type=\"button.default\">\n\t\t\t\t<div class=\"elementor-widget-container\">\n\t\t\t\t\t\t\t\t\t<div class=\"elementor-button-wrapper\">\n\t\t\t\t\t<a class=\"elementor-button elementor-button-link elementor-size-md\" href=\"tel:+41627585353\" target=\"_blank\">\n\t\t\t\t\t\t<span class=\"elementor-button-content-wrapper\">\n\t\t\t\t\t\t<span class=\"elementor-button-icon\">\n\t\t\t\t<i aria-hidden=\"true\" class=\"fas fa-phone-alt\"><\/i>\t\t\t<\/span>\n\t\t\t\t\t\t\t\t\t<span class=\"elementor-button-text\">Appeler maintenant<\/span>\n\t\t\t\t\t<\/span>\n\t\t\t\t\t<\/a>\n\t\t\t\t<\/div>\n\t\t\t\t\t\t\t\t<\/div>\n\t\t\t\t<\/div>\n\t\t\t\t\t<\/div>\n\t\t<\/div>\n\t\t\t\t<div class=\"elementor-column elementor-col-50 elementor-inner-column elementor-element elementor-element-e4a5020\" data-id=\"e4a5020\" data-element_type=\"column\" data-e-type=\"column\">\n\t\t\t<div class=\"elementor-widget-wrap elementor-element-populated\">\n\t\t\t\t\t\t<div class=\"elementor-element elementor-element-4c56075 elementor-button-success elementor-align-center elementor-widget elementor-widget-button\" data-id=\"4c56075\" data-element_type=\"widget\" data-e-type=\"widget\" data-widget_type=\"button.default\">\n\t\t\t\t<div class=\"elementor-widget-container\">\n\t\t\t\t\t\t\t\t\t<div class=\"elementor-button-wrapper\">\n\t\t\t\t\t<a class=\"elementor-button elementor-button-link elementor-size-md\" href=\"https:\/\/airtrock.ch\/fr\/rappel\/\" target=\"_blank\">\n\t\t\t\t\t\t<span class=\"elementor-button-content-wrapper\">\n\t\t\t\t\t\t<span class=\"elementor-button-icon\">\n\t\t\t\t<i aria-hidden=\"true\" class=\"fas fa-phone-alt\"><\/i>\t\t\t<\/span>\n\t\t\t\t\t\t\t\t\t<span class=\"elementor-button-text\">Rappelez-moi !<\/span>\n\t\t\t\t\t<\/span>\n\t\t\t\t\t<\/a>\n\t\t\t\t<\/div>\n\t\t\t\t\t\t\t\t<\/div>\n\t\t\t\t<\/div>\n\t\t\t\t\t<\/div>\n\t\t<\/div>\n\t\t\t\t\t<\/div>\n\t\t<\/section>\n\t\t\t\t\t<\/div>\n\t\t<\/div>\n\t\t\t\t\t<\/div>\n\t\t<\/section>\n\t\t\t\t<\/div>\n\t\t","protected":false},"excerpt":{"rendered":"<p>Conseil et d\u00e9veloppement Nous vous conseillons volontiers en personne ou [&hellip;]<\/p>\n","protected":false},"author":1,"featured_media":571,"parent":0,"menu_order":0,"comment_status":"closed","ping_status":"closed","template":"elementor_header_footer","meta":{"footnotes":""},"class_list":["post-2298","page","type-page","status-publish","has-post-thumbnail","hentry"],"yoast_head":"<!-- This site is optimized with the Yoast SEO plugin v27.4 - https:\/\/yoast.com\/product\/yoast-seo-wordpress\/ -->\n<title>Conseil et d\u00e9veloppement - Hersche Airtrock GmbH<\/title>\n<meta name=\"description\" content=\"Conseil et d\u00e9veloppement Hersche Airtrock - conseil t\u00e9l\u00e9phonique ou sur place. Si besoin est, d\u00e9veloppement de solutions individuelles.\" \/>\n<meta name=\"robots\" content=\"index, follow, max-snippet:-1, max-image-preview:large, max-video-preview:-1\" \/>\n<link rel=\"canonical\" href=\"https:\/\/airtrock.ch\/fr\/conseil-et-developpement\/\" \/>\n<meta property=\"og:locale\" content=\"fr_FR\" \/>\n<meta property=\"og:type\" content=\"article\" \/>\n<meta property=\"og:title\" content=\"Conseil et d\u00e9veloppement - Hersche Airtrock GmbH\" \/>\n<meta property=\"og:description\" content=\"Conseil et d\u00e9veloppement Hersche Airtrock - conseil t\u00e9l\u00e9phonique ou sur place. Si besoin est, d\u00e9veloppement de solutions individuelles.\" \/>\n<meta property=\"og:url\" content=\"https:\/\/airtrock.ch\/fr\/conseil-et-developpement\/\" \/>\n<meta property=\"og:site_name\" content=\"Hersche Airtrock GmbH\" \/>\n<meta property=\"article:modified_time\" content=\"2023-02-13T16:34:25+00:00\" \/>\n<meta property=\"og:image\" content=\"https:\/\/airtrock.ch\/fr\/wp-content\/uploads\/sites\/2\/2019\/06\/cbk.jpg\" \/>\n\t<meta property=\"og:image:width\" content=\"408\" \/>\n\t<meta property=\"og:image:height\" content=\"240\" \/>\n\t<meta property=\"og:image:type\" content=\"image\/jpeg\" \/>\n<meta name=\"twitter:card\" content=\"summary_large_image\" \/>\n<meta name=\"twitter:label1\" content=\"Dur\u00e9e de lecture estim\u00e9e\" \/>\n\t<meta name=\"twitter:data1\" content=\"1 minute\" \/>\n<script type=\"application\/ld+json\" class=\"yoast-schema-graph\">{\"@context\":\"https:\\\/\\\/schema.org\",\"@graph\":[{\"@type\":\"WebPage\",\"@id\":\"https:\\\/\\\/airtrock.ch\\\/fr\\\/conseil-et-developpement\\\/\",\"url\":\"https:\\\/\\\/airtrock.ch\\\/fr\\\/conseil-et-developpement\\\/\",\"name\":\"Conseil et d\u00e9veloppement - Hersche Airtrock GmbH\",\"isPartOf\":{\"@id\":\"https:\\\/\\\/airtrock.ch\\\/fr\\\/#website\"},\"primaryImageOfPage\":{\"@id\":\"https:\\\/\\\/airtrock.ch\\\/fr\\\/conseil-et-developpement\\\/#primaryimage\"},\"image\":{\"@id\":\"https:\\\/\\\/airtrock.ch\\\/fr\\\/conseil-et-developpement\\\/#primaryimage\"},\"thumbnailUrl\":\"https:\\\/\\\/airtrock.ch\\\/fr\\\/wp-content\\\/uploads\\\/sites\\\/2\\\/2019\\\/06\\\/cbk.jpg\",\"datePublished\":\"2021-08-23T07:04:03+00:00\",\"dateModified\":\"2023-02-13T16:34:25+00:00\",\"description\":\"Conseil et d\u00e9veloppement Hersche Airtrock - conseil t\u00e9l\u00e9phonique ou sur place. Si besoin est, d\u00e9veloppement de solutions individuelles.\",\"breadcrumb\":{\"@id\":\"https:\\\/\\\/airtrock.ch\\\/fr\\\/conseil-et-developpement\\\/#breadcrumb\"},\"inLanguage\":\"fr-FR\",\"potentialAction\":[{\"@type\":\"ReadAction\",\"target\":[\"https:\\\/\\\/airtrock.ch\\\/fr\\\/conseil-et-developpement\\\/\"]}]},{\"@type\":\"ImageObject\",\"inLanguage\":\"fr-FR\",\"@id\":\"https:\\\/\\\/airtrock.ch\\\/fr\\\/conseil-et-developpement\\\/#primaryimage\",\"url\":\"https:\\\/\\\/airtrock.ch\\\/fr\\\/wp-content\\\/uploads\\\/sites\\\/2\\\/2019\\\/06\\\/cbk.jpg\",\"contentUrl\":\"https:\\\/\\\/airtrock.ch\\\/fr\\\/wp-content\\\/uploads\\\/sites\\\/2\\\/2019\\\/06\\\/cbk.jpg\",\"width\":408,\"height\":240,\"caption\":\"Firmengeschichte Hersche Airtrock GmbH\"},{\"@type\":\"BreadcrumbList\",\"@id\":\"https:\\\/\\\/airtrock.ch\\\/fr\\\/conseil-et-developpement\\\/#breadcrumb\",\"itemListElement\":[{\"@type\":\"ListItem\",\"position\":1,\"name\":\"Startseite\",\"item\":\"https:\\\/\\\/airtrock.ch\\\/fr\\\/\"},{\"@type\":\"ListItem\",\"position\":2,\"name\":\"Conseil et d\u00e9veloppement\"}]},{\"@type\":\"WebSite\",\"@id\":\"https:\\\/\\\/airtrock.ch\\\/fr\\\/#website\",\"url\":\"https:\\\/\\\/airtrock.ch\\\/fr\\\/\",\"name\":\"Hersche Airtrock GmbH\",\"description\":\"S\u00e8che-souliers et s\u00e8che-habits Suisse\",\"potentialAction\":[{\"@type\":\"SearchAction\",\"target\":{\"@type\":\"EntryPoint\",\"urlTemplate\":\"https:\\\/\\\/airtrock.ch\\\/fr\\\/?s={search_term_string}\"},\"query-input\":{\"@type\":\"PropertyValueSpecification\",\"valueRequired\":true,\"valueName\":\"search_term_string\"}}],\"inLanguage\":\"fr-FR\"}]}<\/script>\n<!-- \/ Yoast SEO plugin. -->","yoast_head_json":{"title":"Conseil et d\u00e9veloppement - Hersche Airtrock GmbH","description":"Conseil et d\u00e9veloppement Hersche Airtrock - conseil t\u00e9l\u00e9phonique ou sur place. Si besoin est, d\u00e9veloppement de solutions individuelles.","robots":{"index":"index","follow":"follow","max-snippet":"max-snippet:-1","max-image-preview":"max-image-preview:large","max-video-preview":"max-video-preview:-1"},"canonical":"https:\/\/airtrock.ch\/fr\/conseil-et-developpement\/","og_locale":"fr_FR","og_type":"article","og_title":"Conseil et d\u00e9veloppement - Hersche Airtrock GmbH","og_description":"Conseil et d\u00e9veloppement Hersche Airtrock - conseil t\u00e9l\u00e9phonique ou sur place. Si besoin est, d\u00e9veloppement de solutions individuelles.","og_url":"https:\/\/airtrock.ch\/fr\/conseil-et-developpement\/","og_site_name":"Hersche Airtrock GmbH","article_modified_time":"2023-02-13T16:34:25+00:00","og_image":[{"width":408,"height":240,"url":"https:\/\/airtrock.ch\/fr\/wp-content\/uploads\/sites\/2\/2019\/06\/cbk.jpg","type":"image\/jpeg"}],"twitter_card":"summary_large_image","twitter_misc":{"Dur\u00e9e de lecture estim\u00e9e":"1 minute"},"schema":{"@context":"https:\/\/schema.org","@graph":[{"@type":"WebPage","@id":"https:\/\/airtrock.ch\/fr\/conseil-et-developpement\/","url":"https:\/\/airtrock.ch\/fr\/conseil-et-developpement\/","name":"Conseil et d\u00e9veloppement - Hersche Airtrock GmbH","isPartOf":{"@id":"https:\/\/airtrock.ch\/fr\/#website"},"primaryImageOfPage":{"@id":"https:\/\/airtrock.ch\/fr\/conseil-et-developpement\/#primaryimage"},"image":{"@id":"https:\/\/airtrock.ch\/fr\/conseil-et-developpement\/#primaryimage"},"thumbnailUrl":"https:\/\/airtrock.ch\/fr\/wp-content\/uploads\/sites\/2\/2019\/06\/cbk.jpg","datePublished":"2021-08-23T07:04:03+00:00","dateModified":"2023-02-13T16:34:25+00:00","description":"Conseil et d\u00e9veloppement Hersche Airtrock - conseil t\u00e9l\u00e9phonique ou sur place. Si besoin est, d\u00e9veloppement de solutions individuelles.","breadcrumb":{"@id":"https:\/\/airtrock.ch\/fr\/conseil-et-developpement\/#breadcrumb"},"inLanguage":"fr-FR","potentialAction":[{"@type":"ReadAction","target":["https:\/\/airtrock.ch\/fr\/conseil-et-developpement\/"]}]},{"@type":"ImageObject","inLanguage":"fr-FR","@id":"https:\/\/airtrock.ch\/fr\/conseil-et-developpement\/#primaryimage","url":"https:\/\/airtrock.ch\/fr\/wp-content\/uploads\/sites\/2\/2019\/06\/cbk.jpg","contentUrl":"https:\/\/airtrock.ch\/fr\/wp-content\/uploads\/sites\/2\/2019\/06\/cbk.jpg","width":408,"height":240,"caption":"Firmengeschichte Hersche Airtrock GmbH"},{"@type":"BreadcrumbList","@id":"https:\/\/airtrock.ch\/fr\/conseil-et-developpement\/#breadcrumb","itemListElement":[{"@type":"ListItem","position":1,"name":"Startseite","item":"https:\/\/airtrock.ch\/fr\/"},{"@type":"ListItem","position":2,"name":"Conseil et d\u00e9veloppement"}]},{"@type":"WebSite","@id":"https:\/\/airtrock.ch\/fr\/#website","url":"https:\/\/airtrock.ch\/fr\/","name":"Hersche Airtrock GmbH","description":"S\u00e8che-souliers et s\u00e8che-habits Suisse","potentialAction":[{"@type":"SearchAction","target":{"@type":"EntryPoint","urlTemplate":"https:\/\/airtrock.ch\/fr\/?s={search_term_string}"},"query-input":{"@type":"PropertyValueSpecification","valueRequired":true,"valueName":"search_term_string"}}],"inLanguage":"fr-FR"}]}},"_links":{"self":[{"href":"https:\/\/airtrock.ch\/fr\/wp-json\/wp\/v2\/pages\/2298","targetHints":{"allow":["GET"]}}],"collection":[{"href":"https:\/\/airtrock.ch\/fr\/wp-json\/wp\/v2\/pages"}],"about":[{"href":"https:\/\/airtrock.ch\/fr\/wp-json\/wp\/v2\/types\/page"}],"author":[{"embeddable":true,"href":"https:\/\/airtrock.ch\/fr\/wp-json\/wp\/v2\/users\/1"}],"replies":[{"embeddable":true,"href":"https:\/\/airtrock.ch\/fr\/wp-json\/wp\/v2\/comments?post=2298"}],"version-history":[{"count":44,"href":"https:\/\/airtrock.ch\/fr\/wp-json\/wp\/v2\/pages\/2298\/revisions"}],"predecessor-version":[{"id":5874,"href":"https:\/\/airtrock.ch\/fr\/wp-json\/wp\/v2\/pages\/2298\/revisions\/5874"}],"wp:featuredmedia":[{"embeddable":true,"href":"https:\/\/airtrock.ch\/fr\/wp-json\/wp\/v2\/media\/571"}],"wp:attachment":[{"href":"https:\/\/airtrock.ch\/fr\/wp-json\/wp\/v2\/media?parent=2298"}],"curies":[{"name":"wp","href":"https:\/\/api.w.org\/{rel}","templated":true}]}}