{"id":2304,"date":"2021-08-24T09:10:50","date_gmt":"2021-08-24T07:10:50","guid":{"rendered":"https:\/\/airtrock.ch\/fr\/histoire-de-lentreprise-hersche-airtrock-gmbh-copy\/"},"modified":"2024-07-23T15:56:28","modified_gmt":"2024-07-23T13:56:28","slug":"livraison-et-montage","status":"publish","type":"page","link":"https:\/\/airtrock.ch\/fr\/livraison-et-montage\/","title":{"rendered":"Livraison et montage"},"content":{"rendered":"\t\t<div data-elementor-type=\"wp-post\" data-elementor-id=\"2304\" class=\"elementor elementor-2304\">\n\t\t\t\t\t\t<section class=\"elementor-section elementor-top-section elementor-element elementor-element-12165d4 elementor-section-stretched elementor-section-height-min-height elementor-section-full_width elementor-section-height-default elementor-section-items-middle\" data-id=\"12165d4\" data-element_type=\"section\" data-e-type=\"section\" data-settings=\"{&quot;stretch_section&quot;:&quot;section-stretched&quot;,&quot;background_background&quot;:&quot;classic&quot;}\">\n\t\t\t\t\t\t<div class=\"elementor-container elementor-column-gap-default\">\n\t\t\t\t\t<div class=\"elementor-column elementor-col-100 elementor-top-column elementor-element elementor-element-28880ae\" data-id=\"28880ae\" data-element_type=\"column\" data-e-type=\"column\" data-settings=\"{&quot;background_background&quot;:&quot;classic&quot;}\">\n\t\t\t<div class=\"elementor-widget-wrap\">\n\t\t\t\t\t<div class=\"elementor-background-overlay\"><\/div>\n\t\t\t\t\t\t\t<\/div>\n\t\t<\/div>\n\t\t\t\t\t<\/div>\n\t\t<\/section>\n\t\t\t\t<section class=\"elementor-section elementor-top-section elementor-element elementor-element-0d9239e elementor-section-stretched elementor-section-boxed elementor-section-height-default elementor-section-height-default\" data-id=\"0d9239e\" data-element_type=\"section\" data-e-type=\"section\" data-settings=\"{&quot;stretch_section&quot;:&quot;section-stretched&quot;,&quot;background_background&quot;:&quot;classic&quot;}\">\n\t\t\t\t\t\t<div class=\"elementor-container elementor-column-gap-default\">\n\t\t\t\t\t<div class=\"elementor-column elementor-col-100 elementor-top-column elementor-element elementor-element-0652b19\" data-id=\"0652b19\" data-element_type=\"column\" data-e-type=\"column\">\n\t\t\t<div class=\"elementor-widget-wrap elementor-element-populated\">\n\t\t\t\t\t\t<div class=\"elementor-element elementor-element-e8a8edf elementor-widget elementor-widget-text-editor\" data-id=\"e8a8edf\" data-element_type=\"widget\" data-e-type=\"widget\" data-widget_type=\"text-editor.default\">\n\t\t\t\t<div class=\"elementor-widget-container\">\n\t\t\t\t\t\t\t\t\t<p><strong>Livraison et montage<\/strong><\/p>\t\t\t\t\t\t\t\t<\/div>\n\t\t\t\t<\/div>\n\t\t\t\t\t<\/div>\n\t\t<\/div>\n\t\t\t\t\t<\/div>\n\t\t<\/section>\n\t\t\t\t<section class=\"elementor-section elementor-top-section elementor-element elementor-element-30e6fe2 elementor-section-boxed elementor-section-height-default elementor-section-height-default\" data-id=\"30e6fe2\" data-element_type=\"section\" data-e-type=\"section\">\n\t\t\t\t\t\t<div class=\"elementor-container elementor-column-gap-default\">\n\t\t\t\t\t<div class=\"elementor-column elementor-col-100 elementor-top-column elementor-element elementor-element-c41af83\" data-id=\"c41af83\" data-element_type=\"column\" data-e-type=\"column\">\n\t\t\t<div class=\"elementor-widget-wrap elementor-element-populated\">\n\t\t\t\t\t\t<div class=\"elementor-element elementor-element-cff006e elementor-widget elementor-widget-spacer\" data-id=\"cff006e\" data-element_type=\"widget\" data-e-type=\"widget\" data-widget_type=\"spacer.default\">\n\t\t\t\t<div class=\"elementor-widget-container\">\n\t\t\t\t\t\t\t<div class=\"elementor-spacer\">\n\t\t\t<div class=\"elementor-spacer-inner\"><\/div>\n\t\t<\/div>\n\t\t\t\t\t\t<\/div>\n\t\t\t\t<\/div>\n\t\t\t\t\t<\/div>\n\t\t<\/div>\n\t\t\t\t\t<\/div>\n\t\t<\/section>\n\t\t\t\t<section class=\"elementor-section elementor-top-section elementor-element elementor-element-6df396b7 elementor-section-boxed elementor-section-height-default elementor-section-height-default\" data-id=\"6df396b7\" data-element_type=\"section\" data-e-type=\"section\">\n\t\t\t\t\t\t<div class=\"elementor-container elementor-column-gap-default\">\n\t\t\t\t\t<div class=\"elementor-column elementor-col-100 elementor-top-column elementor-element elementor-element-466b8c54\" data-id=\"466b8c54\" data-element_type=\"column\" data-e-type=\"column\">\n\t\t\t<div class=\"elementor-widget-wrap elementor-element-populated\">\n\t\t\t\t\t\t<div class=\"elementor-element elementor-element-43f3a8eb elementor-widget elementor-widget-text-editor\" data-id=\"43f3a8eb\" data-element_type=\"widget\" data-e-type=\"widget\" data-widget_type=\"text-editor.default\">\n\t\t\t\t<div class=\"elementor-widget-container\">\n\t\t\t\t\t\t\t\t\t<p>Nos <a href=\"https:\/\/airtrock.ch\/fr\/seche-chaussures-suisses\/\" target=\"_blank\" rel=\"noopener\">s\u00e8che-chaussures, s\u00e8che-bottes et s\u00e8che-gants jusqu\u2019\u00e0 9 paires<\/a> peuvent \u00eatre <a href=\"https:\/\/airtrock.ch\/fr\/seche-chaussures-suisses\/#bestellformular_schuhtrockner\" target=\"_blank\" rel=\"noopener\">command\u00e9s en ligne<\/a>. Nous les exp\u00e9dierons par la poste, garantie de remboursement pendant 30 jours comprise. Vous pouvez aussi <a href=\"https:\/\/airtrock.ch\/fr\/seche-chaussures-suisses\/#bestellformular_schuhtrockner\" target=\"_blank\" rel=\"noopener\">tester gratuitement un produit pendant 15 jours<\/a>.<\/p><p>Sur demande expresse, des petits <a href=\"https:\/\/airtrock.ch\/fr\/purificateurs-d-air-suisses\/\" target=\"_blank\" rel=\"noopener\">appareils d&rsquo;ionisation<\/a> individuels peuvent \u00eatre exp\u00e9di\u00e9s par la poste (prioritaire fragile). Toutefois, nous pr\u00e9conisons le retrait chez nous ou la livraison et le montage par nos soins en raison du risque de dommages durant l\u2019envoi.<\/p><p>Si l\u2019exp\u00e9dition par la poste n\u2019est pas possible (<a href=\"https:\/\/airtrock.ch\/fr\/systemes-de-sechage-pour-chaussures-suisses\/\" target=\"_blank\" rel=\"noopener\">syst\u00e8me de s\u00e9chage \u00e0 partir de 10 paires<\/a>, <a href=\"https:\/\/airtrock.ch\/fr\/armoires-sechantes-suisses\/\" target=\"_blank\" rel=\"noopener\">armoires s\u00e9chantes<\/a>\u00a0et <a href=\"https:\/\/airtrock.ch\/fr\/armoires-de-garde-robe-a-air-chaud-suisses\/\" target=\"_blank\" rel=\"noopener\">armoires vestiaires \u00e0 air chaud<\/a>), ou tout simplement si vous le d\u00e9sirez, nous livrons nos appareils et les installons pr\u00eats \u00e0 l\u2019usage avec instructions pour que vous puissiez en profitier imm\u00e9diatement.<\/p><p>Nous transportons les installations de taille moyenne avec notre remorque et les posons en r\u00e8gle g\u00e9n\u00e9rale pr\u00eates \u00e0 l&rsquo;usage. Pour le transport des grands appareillages, nous mandatons des entreprises de transport fiables qui veillent \u00e0 ce que le mat\u00e9riel arrive intact et \u00e0 l&rsquo;heure. Nous prenons le mat\u00e9riel en charge chez vous et montons l&rsquo;appareillage aussit\u00f4t pr\u00eat \u00e0 l&rsquo;usage.<\/p><p>Consultation, d\u00e9veloppement, livraison, montage et service apr\u00e8s-vente aupr\u00e8s d\u2019un seul\u00a0fournisseur \u2013 HERSCHE AIRTROCK, Richenthal<\/p>\t\t\t\t\t\t\t\t<\/div>\n\t\t\t\t<\/div>\n\t\t\t\t\t<\/div>\n\t\t<\/div>\n\t\t\t\t\t<\/div>\n\t\t<\/section>\n\t\t\t\t<section class=\"elementor-section elementor-top-section elementor-element elementor-element-522f4f8 elementor-section-boxed elementor-section-height-default elementor-section-height-default\" data-id=\"522f4f8\" data-element_type=\"section\" data-e-type=\"section\">\n\t\t\t\t\t\t<div class=\"elementor-container elementor-column-gap-default\">\n\t\t\t\t\t<div class=\"elementor-column elementor-col-100 elementor-top-column elementor-element elementor-element-aae328f\" data-id=\"aae328f\" data-element_type=\"column\" data-e-type=\"column\">\n\t\t\t<div class=\"elementor-widget-wrap elementor-element-populated\">\n\t\t\t\t\t\t<section class=\"elementor-section elementor-inner-section elementor-element elementor-element-be72268 elementor-section-boxed elementor-section-height-default elementor-section-height-default\" data-id=\"be72268\" data-element_type=\"section\" data-e-type=\"section\">\n\t\t\t\t\t\t<div class=\"elementor-container elementor-column-gap-default\">\n\t\t\t\t\t<div class=\"elementor-column elementor-col-50 elementor-inner-column elementor-element elementor-element-056c582\" data-id=\"056c582\" data-element_type=\"column\" data-e-type=\"column\">\n\t\t\t<div class=\"elementor-widget-wrap elementor-element-populated\">\n\t\t\t\t\t\t<div class=\"elementor-element elementor-element-703b019 elementor-button-success elementor-align-center elementor-widget elementor-widget-button\" data-id=\"703b019\" data-element_type=\"widget\" data-e-type=\"widget\" data-widget_type=\"button.default\">\n\t\t\t\t<div class=\"elementor-widget-container\">\n\t\t\t\t\t\t\t\t\t<div class=\"elementor-button-wrapper\">\n\t\t\t\t\t<a class=\"elementor-button elementor-button-link elementor-size-md\" href=\"tel:+41627585353\" target=\"_blank\">\n\t\t\t\t\t\t<span class=\"elementor-button-content-wrapper\">\n\t\t\t\t\t\t<span class=\"elementor-button-icon\">\n\t\t\t\t<i aria-hidden=\"true\" class=\"fas fa-phone-alt\"><\/i>\t\t\t<\/span>\n\t\t\t\t\t\t\t\t\t<span class=\"elementor-button-text\">Appeler maintenant<\/span>\n\t\t\t\t\t<\/span>\n\t\t\t\t\t<\/a>\n\t\t\t\t<\/div>\n\t\t\t\t\t\t\t\t<\/div>\n\t\t\t\t<\/div>\n\t\t\t\t\t<\/div>\n\t\t<\/div>\n\t\t\t\t<div class=\"elementor-column elementor-col-50 elementor-inner-column elementor-element elementor-element-ed257d3\" data-id=\"ed257d3\" data-element_type=\"column\" data-e-type=\"column\">\n\t\t\t<div class=\"elementor-widget-wrap elementor-element-populated\">\n\t\t\t\t\t\t<div class=\"elementor-element elementor-element-5a9c658 elementor-button-success elementor-align-center elementor-widget elementor-widget-button\" data-id=\"5a9c658\" data-element_type=\"widget\" data-e-type=\"widget\" data-widget_type=\"button.default\">\n\t\t\t\t<div class=\"elementor-widget-container\">\n\t\t\t\t\t\t\t\t\t<div class=\"elementor-button-wrapper\">\n\t\t\t\t\t<a class=\"elementor-button elementor-button-link elementor-size-md\" href=\"https:\/\/airtrock.ch\/fr\/rappel\/\" target=\"_blank\">\n\t\t\t\t\t\t<span class=\"elementor-button-content-wrapper\">\n\t\t\t\t\t\t<span class=\"elementor-button-icon\">\n\t\t\t\t<i aria-hidden=\"true\" class=\"fas fa-phone-alt\"><\/i>\t\t\t<\/span>\n\t\t\t\t\t\t\t\t\t<span class=\"elementor-button-text\">Rappelez-moi !<\/span>\n\t\t\t\t\t<\/span>\n\t\t\t\t\t<\/a>\n\t\t\t\t<\/div>\n\t\t\t\t\t\t\t\t<\/div>\n\t\t\t\t<\/div>\n\t\t\t\t\t<\/div>\n\t\t<\/div>\n\t\t\t\t\t<\/div>\n\t\t<\/section>\n\t\t\t\t\t<\/div>\n\t\t<\/div>\n\t\t\t\t\t<\/div>\n\t\t<\/section>\n\t\t\t\t<\/div>\n\t\t","protected":false},"excerpt":{"rendered":"<p>Livraison et montage Nos s\u00e8che-chaussures, s\u00e8che-bottes et s\u00e8che-gants jusqu\u2019\u00e0 9 [&hellip;]<\/p>\n","protected":false},"author":1,"featured_media":571,"parent":0,"menu_order":0,"comment_status":"closed","ping_status":"closed","template":"elementor_header_footer","meta":{"footnotes":""},"class_list":["post-2304","page","type-page","status-publish","has-post-thumbnail","hentry"],"yoast_head":"<!-- This site is optimized with the Yoast SEO plugin v27.4 - https:\/\/yoast.com\/product\/yoast-seo-wordpress\/ -->\n<title>Livraison et montage Hersche Airtrock GmbH<\/title>\n<meta name=\"description\" content=\"Livraison et montage Hersche Airtrock - nous fournissons nos appareillages et les installons pr\u00e8ts \u00e0 l\u2019usage, instruction personelle inclue.\" \/>\n<meta name=\"robots\" content=\"index, follow, max-snippet:-1, max-image-preview:large, max-video-preview:-1\" \/>\n<link rel=\"canonical\" href=\"https:\/\/airtrock.ch\/fr\/livraison-et-montage\/\" \/>\n<meta property=\"og:locale\" content=\"fr_FR\" \/>\n<meta property=\"og:type\" content=\"article\" \/>\n<meta property=\"og:title\" content=\"Livraison et montage Hersche Airtrock GmbH\" \/>\n<meta property=\"og:description\" content=\"Livraison et montage Hersche Airtrock - nous fournissons nos appareillages et les installons pr\u00e8ts \u00e0 l\u2019usage, instruction personelle inclue.\" \/>\n<meta property=\"og:url\" content=\"https:\/\/airtrock.ch\/fr\/livraison-et-montage\/\" \/>\n<meta property=\"og:site_name\" content=\"Hersche Airtrock GmbH\" \/>\n<meta property=\"article:modified_time\" content=\"2024-07-23T13:56:28+00:00\" \/>\n<meta property=\"og:image\" content=\"https:\/\/airtrock.ch\/fr\/wp-content\/uploads\/sites\/2\/2019\/06\/cbk.jpg\" \/>\n\t<meta property=\"og:image:width\" content=\"408\" \/>\n\t<meta property=\"og:image:height\" content=\"240\" \/>\n\t<meta property=\"og:image:type\" content=\"image\/jpeg\" \/>\n<meta name=\"twitter:card\" content=\"summary_large_image\" \/>\n<meta name=\"twitter:label1\" content=\"Dur\u00e9e de lecture estim\u00e9e\" \/>\n\t<meta name=\"twitter:data1\" content=\"2 minutes\" \/>\n<script type=\"application\/ld+json\" class=\"yoast-schema-graph\">{\"@context\":\"https:\\\/\\\/schema.org\",\"@graph\":[{\"@type\":\"WebPage\",\"@id\":\"https:\\\/\\\/airtrock.ch\\\/fr\\\/livraison-et-montage\\\/\",\"url\":\"https:\\\/\\\/airtrock.ch\\\/fr\\\/livraison-et-montage\\\/\",\"name\":\"Livraison et montage Hersche Airtrock GmbH\",\"isPartOf\":{\"@id\":\"https:\\\/\\\/airtrock.ch\\\/fr\\\/#website\"},\"primaryImageOfPage\":{\"@id\":\"https:\\\/\\\/airtrock.ch\\\/fr\\\/livraison-et-montage\\\/#primaryimage\"},\"image\":{\"@id\":\"https:\\\/\\\/airtrock.ch\\\/fr\\\/livraison-et-montage\\\/#primaryimage\"},\"thumbnailUrl\":\"https:\\\/\\\/airtrock.ch\\\/fr\\\/wp-content\\\/uploads\\\/sites\\\/2\\\/2019\\\/06\\\/cbk.jpg\",\"datePublished\":\"2021-08-24T07:10:50+00:00\",\"dateModified\":\"2024-07-23T13:56:28+00:00\",\"description\":\"Livraison et montage Hersche Airtrock - nous fournissons nos appareillages et les installons pr\u00e8ts \u00e0 l\u2019usage, instruction personelle inclue.\",\"breadcrumb\":{\"@id\":\"https:\\\/\\\/airtrock.ch\\\/fr\\\/livraison-et-montage\\\/#breadcrumb\"},\"inLanguage\":\"fr-FR\",\"potentialAction\":[{\"@type\":\"ReadAction\",\"target\":[\"https:\\\/\\\/airtrock.ch\\\/fr\\\/livraison-et-montage\\\/\"]}]},{\"@type\":\"ImageObject\",\"inLanguage\":\"fr-FR\",\"@id\":\"https:\\\/\\\/airtrock.ch\\\/fr\\\/livraison-et-montage\\\/#primaryimage\",\"url\":\"https:\\\/\\\/airtrock.ch\\\/fr\\\/wp-content\\\/uploads\\\/sites\\\/2\\\/2019\\\/06\\\/cbk.jpg\",\"contentUrl\":\"https:\\\/\\\/airtrock.ch\\\/fr\\\/wp-content\\\/uploads\\\/sites\\\/2\\\/2019\\\/06\\\/cbk.jpg\",\"width\":408,\"height\":240,\"caption\":\"Firmengeschichte Hersche Airtrock GmbH\"},{\"@type\":\"BreadcrumbList\",\"@id\":\"https:\\\/\\\/airtrock.ch\\\/fr\\\/livraison-et-montage\\\/#breadcrumb\",\"itemListElement\":[{\"@type\":\"ListItem\",\"position\":1,\"name\":\"Startseite\",\"item\":\"https:\\\/\\\/airtrock.ch\\\/fr\\\/\"},{\"@type\":\"ListItem\",\"position\":2,\"name\":\"Livraison et montage\"}]},{\"@type\":\"WebSite\",\"@id\":\"https:\\\/\\\/airtrock.ch\\\/fr\\\/#website\",\"url\":\"https:\\\/\\\/airtrock.ch\\\/fr\\\/\",\"name\":\"Hersche Airtrock GmbH\",\"description\":\"S\u00e8che-souliers et s\u00e8che-habits Suisse\",\"potentialAction\":[{\"@type\":\"SearchAction\",\"target\":{\"@type\":\"EntryPoint\",\"urlTemplate\":\"https:\\\/\\\/airtrock.ch\\\/fr\\\/?s={search_term_string}\"},\"query-input\":{\"@type\":\"PropertyValueSpecification\",\"valueRequired\":true,\"valueName\":\"search_term_string\"}}],\"inLanguage\":\"fr-FR\"}]}<\/script>\n<!-- \/ Yoast SEO plugin. -->","yoast_head_json":{"title":"Livraison et montage Hersche Airtrock GmbH","description":"Livraison et montage Hersche Airtrock - nous fournissons nos appareillages et les installons pr\u00e8ts \u00e0 l\u2019usage, instruction personelle inclue.","robots":{"index":"index","follow":"follow","max-snippet":"max-snippet:-1","max-image-preview":"max-image-preview:large","max-video-preview":"max-video-preview:-1"},"canonical":"https:\/\/airtrock.ch\/fr\/livraison-et-montage\/","og_locale":"fr_FR","og_type":"article","og_title":"Livraison et montage Hersche Airtrock GmbH","og_description":"Livraison et montage Hersche Airtrock - nous fournissons nos appareillages et les installons pr\u00e8ts \u00e0 l\u2019usage, instruction personelle inclue.","og_url":"https:\/\/airtrock.ch\/fr\/livraison-et-montage\/","og_site_name":"Hersche Airtrock GmbH","article_modified_time":"2024-07-23T13:56:28+00:00","og_image":[{"width":408,"height":240,"url":"https:\/\/airtrock.ch\/fr\/wp-content\/uploads\/sites\/2\/2019\/06\/cbk.jpg","type":"image\/jpeg"}],"twitter_card":"summary_large_image","twitter_misc":{"Dur\u00e9e de lecture estim\u00e9e":"2 minutes"},"schema":{"@context":"https:\/\/schema.org","@graph":[{"@type":"WebPage","@id":"https:\/\/airtrock.ch\/fr\/livraison-et-montage\/","url":"https:\/\/airtrock.ch\/fr\/livraison-et-montage\/","name":"Livraison et montage Hersche Airtrock GmbH","isPartOf":{"@id":"https:\/\/airtrock.ch\/fr\/#website"},"primaryImageOfPage":{"@id":"https:\/\/airtrock.ch\/fr\/livraison-et-montage\/#primaryimage"},"image":{"@id":"https:\/\/airtrock.ch\/fr\/livraison-et-montage\/#primaryimage"},"thumbnailUrl":"https:\/\/airtrock.ch\/fr\/wp-content\/uploads\/sites\/2\/2019\/06\/cbk.jpg","datePublished":"2021-08-24T07:10:50+00:00","dateModified":"2024-07-23T13:56:28+00:00","description":"Livraison et montage Hersche Airtrock - nous fournissons nos appareillages et les installons pr\u00e8ts \u00e0 l\u2019usage, instruction personelle inclue.","breadcrumb":{"@id":"https:\/\/airtrock.ch\/fr\/livraison-et-montage\/#breadcrumb"},"inLanguage":"fr-FR","potentialAction":[{"@type":"ReadAction","target":["https:\/\/airtrock.ch\/fr\/livraison-et-montage\/"]}]},{"@type":"ImageObject","inLanguage":"fr-FR","@id":"https:\/\/airtrock.ch\/fr\/livraison-et-montage\/#primaryimage","url":"https:\/\/airtrock.ch\/fr\/wp-content\/uploads\/sites\/2\/2019\/06\/cbk.jpg","contentUrl":"https:\/\/airtrock.ch\/fr\/wp-content\/uploads\/sites\/2\/2019\/06\/cbk.jpg","width":408,"height":240,"caption":"Firmengeschichte Hersche Airtrock GmbH"},{"@type":"BreadcrumbList","@id":"https:\/\/airtrock.ch\/fr\/livraison-et-montage\/#breadcrumb","itemListElement":[{"@type":"ListItem","position":1,"name":"Startseite","item":"https:\/\/airtrock.ch\/fr\/"},{"@type":"ListItem","position":2,"name":"Livraison et montage"}]},{"@type":"WebSite","@id":"https:\/\/airtrock.ch\/fr\/#website","url":"https:\/\/airtrock.ch\/fr\/","name":"Hersche Airtrock GmbH","description":"S\u00e8che-souliers et s\u00e8che-habits Suisse","potentialAction":[{"@type":"SearchAction","target":{"@type":"EntryPoint","urlTemplate":"https:\/\/airtrock.ch\/fr\/?s={search_term_string}"},"query-input":{"@type":"PropertyValueSpecification","valueRequired":true,"valueName":"search_term_string"}}],"inLanguage":"fr-FR"}]}},"_links":{"self":[{"href":"https:\/\/airtrock.ch\/fr\/wp-json\/wp\/v2\/pages\/2304","targetHints":{"allow":["GET"]}}],"collection":[{"href":"https:\/\/airtrock.ch\/fr\/wp-json\/wp\/v2\/pages"}],"about":[{"href":"https:\/\/airtrock.ch\/fr\/wp-json\/wp\/v2\/types\/page"}],"author":[{"embeddable":true,"href":"https:\/\/airtrock.ch\/fr\/wp-json\/wp\/v2\/users\/1"}],"replies":[{"embeddable":true,"href":"https:\/\/airtrock.ch\/fr\/wp-json\/wp\/v2\/comments?post=2304"}],"version-history":[{"count":47,"href":"https:\/\/airtrock.ch\/fr\/wp-json\/wp\/v2\/pages\/2304\/revisions"}],"predecessor-version":[{"id":6407,"href":"https:\/\/airtrock.ch\/fr\/wp-json\/wp\/v2\/pages\/2304\/revisions\/6407"}],"wp:featuredmedia":[{"embeddable":true,"href":"https:\/\/airtrock.ch\/fr\/wp-json\/wp\/v2\/media\/571"}],"wp:attachment":[{"href":"https:\/\/airtrock.ch\/fr\/wp-json\/wp\/v2\/media?parent=2304"}],"curies":[{"name":"wp","href":"https:\/\/api.w.org\/{rel}","templated":true}]}}