{"id":2306,"date":"2021-08-25T09:14:48","date_gmt":"2021-08-25T07:14:48","guid":{"rendered":"https:\/\/airtrock.ch\/fr\/histoire-de-lentreprise-hersche-airtrock-gmbh-copy\/"},"modified":"2023-02-13T17:33:23","modified_gmt":"2023-02-13T16:33:23","slug":"service-apres-vente-et-reparations","status":"publish","type":"page","link":"https:\/\/airtrock.ch\/fr\/service-apres-vente-et-reparations\/","title":{"rendered":"Service apr\u00e8s-vente et r\u00e9parations"},"content":{"rendered":"\t\t<div data-elementor-type=\"wp-post\" data-elementor-id=\"2306\" class=\"elementor elementor-2306\">\n\t\t\t\t\t\t<section class=\"elementor-section elementor-top-section elementor-element elementor-element-12165d4 elementor-section-stretched elementor-section-height-min-height elementor-section-full_width elementor-section-height-default elementor-section-items-middle\" data-id=\"12165d4\" data-element_type=\"section\" data-e-type=\"section\" data-settings=\"{&quot;stretch_section&quot;:&quot;section-stretched&quot;,&quot;background_background&quot;:&quot;classic&quot;}\">\n\t\t\t\t\t\t<div class=\"elementor-container elementor-column-gap-default\">\n\t\t\t\t\t<div class=\"elementor-column elementor-col-100 elementor-top-column elementor-element elementor-element-28880ae\" data-id=\"28880ae\" data-element_type=\"column\" data-e-type=\"column\" data-settings=\"{&quot;background_background&quot;:&quot;classic&quot;}\">\n\t\t\t<div class=\"elementor-widget-wrap\">\n\t\t\t\t\t<div class=\"elementor-background-overlay\"><\/div>\n\t\t\t\t\t\t\t<\/div>\n\t\t<\/div>\n\t\t\t\t\t<\/div>\n\t\t<\/section>\n\t\t\t\t<section class=\"elementor-section elementor-top-section elementor-element elementor-element-0d9239e elementor-section-stretched elementor-section-boxed elementor-section-height-default elementor-section-height-default\" data-id=\"0d9239e\" data-element_type=\"section\" data-e-type=\"section\" data-settings=\"{&quot;stretch_section&quot;:&quot;section-stretched&quot;,&quot;background_background&quot;:&quot;classic&quot;}\">\n\t\t\t\t\t\t<div class=\"elementor-container elementor-column-gap-default\">\n\t\t\t\t\t<div class=\"elementor-column elementor-col-100 elementor-top-column elementor-element elementor-element-0652b19\" data-id=\"0652b19\" data-element_type=\"column\" data-e-type=\"column\">\n\t\t\t<div class=\"elementor-widget-wrap elementor-element-populated\">\n\t\t\t\t\t\t<div class=\"elementor-element elementor-element-e8a8edf elementor-widget elementor-widget-text-editor\" data-id=\"e8a8edf\" data-element_type=\"widget\" data-e-type=\"widget\" data-widget_type=\"text-editor.default\">\n\t\t\t\t<div class=\"elementor-widget-container\">\n\t\t\t\t\t\t\t\t\t<p><strong>Service apr\u00e8s-vente et r\u00e9parations<\/strong><\/p>\t\t\t\t\t\t\t\t<\/div>\n\t\t\t\t<\/div>\n\t\t\t\t\t<\/div>\n\t\t<\/div>\n\t\t\t\t\t<\/div>\n\t\t<\/section>\n\t\t\t\t<section class=\"elementor-section elementor-top-section elementor-element elementor-element-30e6fe2 elementor-section-boxed elementor-section-height-default elementor-section-height-default\" data-id=\"30e6fe2\" data-element_type=\"section\" data-e-type=\"section\">\n\t\t\t\t\t\t<div class=\"elementor-container elementor-column-gap-default\">\n\t\t\t\t\t<div class=\"elementor-column elementor-col-100 elementor-top-column elementor-element elementor-element-c41af83\" data-id=\"c41af83\" data-element_type=\"column\" data-e-type=\"column\">\n\t\t\t<div class=\"elementor-widget-wrap elementor-element-populated\">\n\t\t\t\t\t\t<div class=\"elementor-element elementor-element-cff006e elementor-widget elementor-widget-spacer\" data-id=\"cff006e\" data-element_type=\"widget\" data-e-type=\"widget\" data-widget_type=\"spacer.default\">\n\t\t\t\t<div class=\"elementor-widget-container\">\n\t\t\t\t\t\t\t<div class=\"elementor-spacer\">\n\t\t\t<div class=\"elementor-spacer-inner\"><\/div>\n\t\t<\/div>\n\t\t\t\t\t\t<\/div>\n\t\t\t\t<\/div>\n\t\t\t\t\t<\/div>\n\t\t<\/div>\n\t\t\t\t\t<\/div>\n\t\t<\/section>\n\t\t\t\t<section class=\"elementor-section elementor-top-section elementor-element elementor-element-6df396b7 elementor-section-boxed elementor-section-height-default elementor-section-height-default\" data-id=\"6df396b7\" data-element_type=\"section\" data-e-type=\"section\">\n\t\t\t\t\t\t<div class=\"elementor-container elementor-column-gap-default\">\n\t\t\t\t\t<div class=\"elementor-column elementor-col-100 elementor-top-column elementor-element elementor-element-466b8c54\" data-id=\"466b8c54\" data-element_type=\"column\" data-e-type=\"column\">\n\t\t\t<div class=\"elementor-widget-wrap elementor-element-populated\">\n\t\t\t\t\t\t<div class=\"elementor-element elementor-element-43f3a8eb elementor-widget elementor-widget-text-editor\" data-id=\"43f3a8eb\" data-element_type=\"widget\" data-e-type=\"widget\" data-widget_type=\"text-editor.default\">\n\t\t\t\t<div class=\"elementor-widget-container\">\n\t\t\t\t\t\t\t\t\t<p>Nous restons bien entendu \u00e0 votre disposition pour toute question ou en cas de probl\u00e8me technique. Nous vous aiderons volontiers et nous chargerons de la r\u00e9solution du probl\u00e8me et du d\u00e9pannage dans les plus brefs d\u00e9lais.<\/p><p>M\u00eame des vieux appareils HERSCHE AIRTROCK qui sont d\u00e9fectueux sont encore r\u00e9parables &#8211; en r\u00e8gle g\u00e9n\u00e9rale moyennant peu d&rsquo;effort. Chez nous, la r\u00e9paration est normalement beaucoup moins ch\u00e8re que le remplacement complet. Toutes les pi\u00e8ces de rechange restent disponibles.<\/p><p>Pour des appareils de s\u00e9chage avec syst\u00e8me d&rsquo;ionisation int\u00e9gr\u00e9 et pour les <a href=\"https:\/\/airtrock.ch\/fr\/purificateurs-d-air-suisses\/\" target=\"_blank\" rel=\"noopener\">appareils d&rsquo;ionisation<\/a>, nous pr\u00e9conisons un entretien tous les deux ans pour la perp\u00e9tuation de l&rsquo;effet ionisant. Nous passons volontiers r\u00e9guli\u00e8rement pour effectuer le service de nettoyage sur place ou vous fournissons les instructions par t\u00e9l\u00e9phone.<\/p><p>Consultation, d\u00e9veloppement, livraison, montage et service apr\u00e8s-vente aupr\u00e8s d\u2019un seul fournisseur \u2013 Hersche Airtrock S\u00e0rl, Richenthal<\/p>\t\t\t\t\t\t\t\t<\/div>\n\t\t\t\t<\/div>\n\t\t\t\t\t<\/div>\n\t\t<\/div>\n\t\t\t\t\t<\/div>\n\t\t<\/section>\n\t\t\t\t<section class=\"elementor-section elementor-top-section elementor-element elementor-element-8d7f283 elementor-section-boxed elementor-section-height-default elementor-section-height-default\" data-id=\"8d7f283\" data-element_type=\"section\" data-e-type=\"section\">\n\t\t\t\t\t\t<div class=\"elementor-container elementor-column-gap-default\">\n\t\t\t\t\t<div class=\"elementor-column elementor-col-100 elementor-top-column elementor-element elementor-element-70c325f\" data-id=\"70c325f\" data-element_type=\"column\" data-e-type=\"column\">\n\t\t\t<div class=\"elementor-widget-wrap elementor-element-populated\">\n\t\t\t\t\t\t<section class=\"elementor-section elementor-inner-section elementor-element elementor-element-5bf6114 elementor-section-boxed elementor-section-height-default elementor-section-height-default\" data-id=\"5bf6114\" data-element_type=\"section\" data-e-type=\"section\">\n\t\t\t\t\t\t<div class=\"elementor-container elementor-column-gap-default\">\n\t\t\t\t\t<div class=\"elementor-column elementor-col-50 elementor-inner-column elementor-element elementor-element-24319e1\" data-id=\"24319e1\" data-element_type=\"column\" data-e-type=\"column\">\n\t\t\t<div class=\"elementor-widget-wrap elementor-element-populated\">\n\t\t\t\t\t\t<div class=\"elementor-element elementor-element-7d2ef00 elementor-button-success elementor-align-center elementor-widget elementor-widget-button\" data-id=\"7d2ef00\" data-element_type=\"widget\" data-e-type=\"widget\" data-widget_type=\"button.default\">\n\t\t\t\t<div class=\"elementor-widget-container\">\n\t\t\t\t\t\t\t\t\t<div class=\"elementor-button-wrapper\">\n\t\t\t\t\t<a class=\"elementor-button elementor-button-link elementor-size-md\" href=\"tel:+41627585353\" target=\"_blank\">\n\t\t\t\t\t\t<span class=\"elementor-button-content-wrapper\">\n\t\t\t\t\t\t<span class=\"elementor-button-icon\">\n\t\t\t\t<i aria-hidden=\"true\" class=\"fas fa-phone-alt\"><\/i>\t\t\t<\/span>\n\t\t\t\t\t\t\t\t\t<span class=\"elementor-button-text\">Appeler maintenant<\/span>\n\t\t\t\t\t<\/span>\n\t\t\t\t\t<\/a>\n\t\t\t\t<\/div>\n\t\t\t\t\t\t\t\t<\/div>\n\t\t\t\t<\/div>\n\t\t\t\t\t<\/div>\n\t\t<\/div>\n\t\t\t\t<div class=\"elementor-column elementor-col-50 elementor-inner-column elementor-element elementor-element-b532c1d\" data-id=\"b532c1d\" data-element_type=\"column\" data-e-type=\"column\">\n\t\t\t<div class=\"elementor-widget-wrap elementor-element-populated\">\n\t\t\t\t\t\t<div class=\"elementor-element elementor-element-006fb19 elementor-button-success elementor-align-center elementor-widget elementor-widget-button\" data-id=\"006fb19\" data-element_type=\"widget\" data-e-type=\"widget\" data-widget_type=\"button.default\">\n\t\t\t\t<div class=\"elementor-widget-container\">\n\t\t\t\t\t\t\t\t\t<div class=\"elementor-button-wrapper\">\n\t\t\t\t\t<a class=\"elementor-button elementor-button-link elementor-size-md\" href=\"https:\/\/airtrock.ch\/fr\/rappel\/\" target=\"_blank\">\n\t\t\t\t\t\t<span class=\"elementor-button-content-wrapper\">\n\t\t\t\t\t\t<span class=\"elementor-button-icon\">\n\t\t\t\t<i aria-hidden=\"true\" class=\"fas fa-phone-alt\"><\/i>\t\t\t<\/span>\n\t\t\t\t\t\t\t\t\t<span class=\"elementor-button-text\">Rappelez-moi !<\/span>\n\t\t\t\t\t<\/span>\n\t\t\t\t\t<\/a>\n\t\t\t\t<\/div>\n\t\t\t\t\t\t\t\t<\/div>\n\t\t\t\t<\/div>\n\t\t\t\t\t<\/div>\n\t\t<\/div>\n\t\t\t\t\t<\/div>\n\t\t<\/section>\n\t\t\t\t\t<\/div>\n\t\t<\/div>\n\t\t\t\t\t<\/div>\n\t\t<\/section>\n\t\t\t\t<\/div>\n\t\t","protected":false},"excerpt":{"rendered":"<p>Service apr\u00e8s-vente et r\u00e9parations Nous restons bien entendu \u00e0 votre [&hellip;]<\/p>\n","protected":false},"author":1,"featured_media":2383,"parent":0,"menu_order":0,"comment_status":"closed","ping_status":"closed","template":"elementor_header_footer","meta":{"footnotes":""},"class_list":["post-2306","page","type-page","status-publish","has-post-thumbnail","hentry"],"yoast_head":"<!-- This site is optimized with the Yoast SEO plugin v27.4 - https:\/\/yoast.com\/product\/yoast-seo-wordpress\/ -->\n<title>Service apr\u00e8s-vente et r\u00e9parations Hersche Airtrock GmbH<\/title>\n<meta name=\"description\" content=\"Service apr\u00e8s-vente et reparations Hersche Airtrock - renseignements techniques, d\u00e9pannage sur place et exp\u00e9dition de pi\u00e8ces de rechange.\" \/>\n<meta name=\"robots\" content=\"index, follow, max-snippet:-1, max-image-preview:large, max-video-preview:-1\" \/>\n<link rel=\"canonical\" href=\"https:\/\/airtrock.ch\/fr\/service-apres-vente-et-reparations\/\" \/>\n<meta property=\"og:locale\" content=\"fr_FR\" \/>\n<meta property=\"og:type\" content=\"article\" \/>\n<meta property=\"og:title\" content=\"Service apr\u00e8s-vente et r\u00e9parations Hersche Airtrock GmbH\" \/>\n<meta property=\"og:description\" content=\"Service apr\u00e8s-vente et reparations Hersche Airtrock - renseignements techniques, d\u00e9pannage sur place et exp\u00e9dition de pi\u00e8ces de rechange.\" \/>\n<meta property=\"og:url\" content=\"https:\/\/airtrock.ch\/fr\/service-apres-vente-et-reparations\/\" \/>\n<meta property=\"og:site_name\" content=\"Hersche Airtrock GmbH\" \/>\n<meta property=\"article:modified_time\" content=\"2023-02-13T16:33:23+00:00\" \/>\n<meta property=\"og:image\" content=\"https:\/\/airtrock.ch\/fr\/wp-content\/uploads\/sites\/2\/2019\/08\/Titelbild-Service-apr\u00e8s-vente-et-d\u2019entretien.jpg\" \/>\n\t<meta property=\"og:image:width\" content=\"1300\" \/>\n\t<meta property=\"og:image:height\" content=\"868\" \/>\n\t<meta property=\"og:image:type\" content=\"image\/jpeg\" \/>\n<meta name=\"twitter:card\" content=\"summary_large_image\" \/>\n<meta name=\"twitter:label1\" content=\"Dur\u00e9e de lecture estim\u00e9e\" \/>\n\t<meta name=\"twitter:data1\" content=\"1 minute\" \/>\n<script type=\"application\/ld+json\" class=\"yoast-schema-graph\">{\"@context\":\"https:\\\/\\\/schema.org\",\"@graph\":[{\"@type\":\"WebPage\",\"@id\":\"https:\\\/\\\/airtrock.ch\\\/fr\\\/service-apres-vente-et-reparations\\\/\",\"url\":\"https:\\\/\\\/airtrock.ch\\\/fr\\\/service-apres-vente-et-reparations\\\/\",\"name\":\"Service apr\u00e8s-vente et r\u00e9parations Hersche Airtrock GmbH\",\"isPartOf\":{\"@id\":\"https:\\\/\\\/airtrock.ch\\\/fr\\\/#website\"},\"primaryImageOfPage\":{\"@id\":\"https:\\\/\\\/airtrock.ch\\\/fr\\\/service-apres-vente-et-reparations\\\/#primaryimage\"},\"image\":{\"@id\":\"https:\\\/\\\/airtrock.ch\\\/fr\\\/service-apres-vente-et-reparations\\\/#primaryimage\"},\"thumbnailUrl\":\"https:\\\/\\\/airtrock.ch\\\/fr\\\/wp-content\\\/uploads\\\/sites\\\/2\\\/2019\\\/08\\\/Titelbild-Service-apr\u00e8s-vente-et-d\u2019entretien.jpg\",\"datePublished\":\"2021-08-25T07:14:48+00:00\",\"dateModified\":\"2023-02-13T16:33:23+00:00\",\"description\":\"Service apr\u00e8s-vente et reparations Hersche Airtrock - renseignements techniques, d\u00e9pannage sur place et exp\u00e9dition de pi\u00e8ces de rechange.\",\"breadcrumb\":{\"@id\":\"https:\\\/\\\/airtrock.ch\\\/fr\\\/service-apres-vente-et-reparations\\\/#breadcrumb\"},\"inLanguage\":\"fr-FR\",\"potentialAction\":[{\"@type\":\"ReadAction\",\"target\":[\"https:\\\/\\\/airtrock.ch\\\/fr\\\/service-apres-vente-et-reparations\\\/\"]}]},{\"@type\":\"ImageObject\",\"inLanguage\":\"fr-FR\",\"@id\":\"https:\\\/\\\/airtrock.ch\\\/fr\\\/service-apres-vente-et-reparations\\\/#primaryimage\",\"url\":\"https:\\\/\\\/airtrock.ch\\\/fr\\\/wp-content\\\/uploads\\\/sites\\\/2\\\/2019\\\/08\\\/Titelbild-Service-apr\u00e8s-vente-et-d\u2019entretien.jpg\",\"contentUrl\":\"https:\\\/\\\/airtrock.ch\\\/fr\\\/wp-content\\\/uploads\\\/sites\\\/2\\\/2019\\\/08\\\/Titelbild-Service-apr\u00e8s-vente-et-d\u2019entretien.jpg\",\"width\":1300,\"height\":868,\"caption\":\"Service-apr\u00e8s-vente-et-d\u2019entretien\"},{\"@type\":\"BreadcrumbList\",\"@id\":\"https:\\\/\\\/airtrock.ch\\\/fr\\\/service-apres-vente-et-reparations\\\/#breadcrumb\",\"itemListElement\":[{\"@type\":\"ListItem\",\"position\":1,\"name\":\"Startseite\",\"item\":\"https:\\\/\\\/airtrock.ch\\\/fr\\\/\"},{\"@type\":\"ListItem\",\"position\":2,\"name\":\"Service apr\u00e8s-vente et r\u00e9parations\"}]},{\"@type\":\"WebSite\",\"@id\":\"https:\\\/\\\/airtrock.ch\\\/fr\\\/#website\",\"url\":\"https:\\\/\\\/airtrock.ch\\\/fr\\\/\",\"name\":\"Hersche Airtrock GmbH\",\"description\":\"S\u00e8che-souliers et s\u00e8che-habits Suisse\",\"potentialAction\":[{\"@type\":\"SearchAction\",\"target\":{\"@type\":\"EntryPoint\",\"urlTemplate\":\"https:\\\/\\\/airtrock.ch\\\/fr\\\/?s={search_term_string}\"},\"query-input\":{\"@type\":\"PropertyValueSpecification\",\"valueRequired\":true,\"valueName\":\"search_term_string\"}}],\"inLanguage\":\"fr-FR\"}]}<\/script>\n<!-- \/ Yoast SEO plugin. -->","yoast_head_json":{"title":"Service apr\u00e8s-vente et r\u00e9parations Hersche Airtrock GmbH","description":"Service apr\u00e8s-vente et reparations Hersche Airtrock - renseignements techniques, d\u00e9pannage sur place et exp\u00e9dition de pi\u00e8ces de rechange.","robots":{"index":"index","follow":"follow","max-snippet":"max-snippet:-1","max-image-preview":"max-image-preview:large","max-video-preview":"max-video-preview:-1"},"canonical":"https:\/\/airtrock.ch\/fr\/service-apres-vente-et-reparations\/","og_locale":"fr_FR","og_type":"article","og_title":"Service apr\u00e8s-vente et r\u00e9parations Hersche Airtrock GmbH","og_description":"Service apr\u00e8s-vente et reparations Hersche Airtrock - renseignements techniques, d\u00e9pannage sur place et exp\u00e9dition de pi\u00e8ces de rechange.","og_url":"https:\/\/airtrock.ch\/fr\/service-apres-vente-et-reparations\/","og_site_name":"Hersche Airtrock GmbH","article_modified_time":"2023-02-13T16:33:23+00:00","og_image":[{"width":1300,"height":868,"url":"https:\/\/airtrock.ch\/fr\/wp-content\/uploads\/sites\/2\/2019\/08\/Titelbild-Service-apr\u00e8s-vente-et-d\u2019entretien.jpg","type":"image\/jpeg"}],"twitter_card":"summary_large_image","twitter_misc":{"Dur\u00e9e de lecture estim\u00e9e":"1 minute"},"schema":{"@context":"https:\/\/schema.org","@graph":[{"@type":"WebPage","@id":"https:\/\/airtrock.ch\/fr\/service-apres-vente-et-reparations\/","url":"https:\/\/airtrock.ch\/fr\/service-apres-vente-et-reparations\/","name":"Service apr\u00e8s-vente et r\u00e9parations Hersche Airtrock GmbH","isPartOf":{"@id":"https:\/\/airtrock.ch\/fr\/#website"},"primaryImageOfPage":{"@id":"https:\/\/airtrock.ch\/fr\/service-apres-vente-et-reparations\/#primaryimage"},"image":{"@id":"https:\/\/airtrock.ch\/fr\/service-apres-vente-et-reparations\/#primaryimage"},"thumbnailUrl":"https:\/\/airtrock.ch\/fr\/wp-content\/uploads\/sites\/2\/2019\/08\/Titelbild-Service-apr\u00e8s-vente-et-d\u2019entretien.jpg","datePublished":"2021-08-25T07:14:48+00:00","dateModified":"2023-02-13T16:33:23+00:00","description":"Service apr\u00e8s-vente et reparations Hersche Airtrock - renseignements techniques, d\u00e9pannage sur place et exp\u00e9dition de pi\u00e8ces de rechange.","breadcrumb":{"@id":"https:\/\/airtrock.ch\/fr\/service-apres-vente-et-reparations\/#breadcrumb"},"inLanguage":"fr-FR","potentialAction":[{"@type":"ReadAction","target":["https:\/\/airtrock.ch\/fr\/service-apres-vente-et-reparations\/"]}]},{"@type":"ImageObject","inLanguage":"fr-FR","@id":"https:\/\/airtrock.ch\/fr\/service-apres-vente-et-reparations\/#primaryimage","url":"https:\/\/airtrock.ch\/fr\/wp-content\/uploads\/sites\/2\/2019\/08\/Titelbild-Service-apr\u00e8s-vente-et-d\u2019entretien.jpg","contentUrl":"https:\/\/airtrock.ch\/fr\/wp-content\/uploads\/sites\/2\/2019\/08\/Titelbild-Service-apr\u00e8s-vente-et-d\u2019entretien.jpg","width":1300,"height":868,"caption":"Service-apr\u00e8s-vente-et-d\u2019entretien"},{"@type":"BreadcrumbList","@id":"https:\/\/airtrock.ch\/fr\/service-apres-vente-et-reparations\/#breadcrumb","itemListElement":[{"@type":"ListItem","position":1,"name":"Startseite","item":"https:\/\/airtrock.ch\/fr\/"},{"@type":"ListItem","position":2,"name":"Service apr\u00e8s-vente et r\u00e9parations"}]},{"@type":"WebSite","@id":"https:\/\/airtrock.ch\/fr\/#website","url":"https:\/\/airtrock.ch\/fr\/","name":"Hersche Airtrock GmbH","description":"S\u00e8che-souliers et s\u00e8che-habits Suisse","potentialAction":[{"@type":"SearchAction","target":{"@type":"EntryPoint","urlTemplate":"https:\/\/airtrock.ch\/fr\/?s={search_term_string}"},"query-input":{"@type":"PropertyValueSpecification","valueRequired":true,"valueName":"search_term_string"}}],"inLanguage":"fr-FR"}]}},"_links":{"self":[{"href":"https:\/\/airtrock.ch\/fr\/wp-json\/wp\/v2\/pages\/2306","targetHints":{"allow":["GET"]}}],"collection":[{"href":"https:\/\/airtrock.ch\/fr\/wp-json\/wp\/v2\/pages"}],"about":[{"href":"https:\/\/airtrock.ch\/fr\/wp-json\/wp\/v2\/types\/page"}],"author":[{"embeddable":true,"href":"https:\/\/airtrock.ch\/fr\/wp-json\/wp\/v2\/users\/1"}],"replies":[{"embeddable":true,"href":"https:\/\/airtrock.ch\/fr\/wp-json\/wp\/v2\/comments?post=2306"}],"version-history":[{"count":41,"href":"https:\/\/airtrock.ch\/fr\/wp-json\/wp\/v2\/pages\/2306\/revisions"}],"predecessor-version":[{"id":5868,"href":"https:\/\/airtrock.ch\/fr\/wp-json\/wp\/v2\/pages\/2306\/revisions\/5868"}],"wp:featuredmedia":[{"embeddable":true,"href":"https:\/\/airtrock.ch\/fr\/wp-json\/wp\/v2\/media\/2383"}],"wp:attachment":[{"href":"https:\/\/airtrock.ch\/fr\/wp-json\/wp\/v2\/media?parent=2306"}],"curies":[{"name":"wp","href":"https:\/\/api.w.org\/{rel}","templated":true}]}}