{"id":566,"date":"2021-08-21T17:54:27","date_gmt":"2021-08-21T15:54:27","guid":{"rendered":"https:\/\/2019.airtrock.ch\/fr\/?page_id=566"},"modified":"2025-11-05T14:52:48","modified_gmt":"2025-11-05T13:52:48","slug":"histoire-de-lentreprise-hersche-airtrock-gmbh","status":"publish","type":"page","link":"https:\/\/airtrock.ch\/fr\/histoire-de-lentreprise-hersche-airtrock-gmbh\/","title":{"rendered":"Histoire de l\u2019entreprise Hersche Airtrock S\u00e0rl"},"content":{"rendered":"\t\t<div data-elementor-type=\"wp-post\" data-elementor-id=\"566\" class=\"elementor elementor-566\">\n\t\t\t\t\t\t<section class=\"elementor-section elementor-top-section elementor-element elementor-element-12165d4 elementor-section-stretched elementor-section-height-min-height elementor-section-full_width elementor-section-height-default elementor-section-items-middle\" data-id=\"12165d4\" data-element_type=\"section\" data-e-type=\"section\" data-settings=\"{&quot;stretch_section&quot;:&quot;section-stretched&quot;,&quot;background_background&quot;:&quot;classic&quot;}\">\n\t\t\t\t\t\t<div class=\"elementor-container elementor-column-gap-default\">\n\t\t\t\t\t<div class=\"elementor-column elementor-col-100 elementor-top-column elementor-element elementor-element-28880ae\" data-id=\"28880ae\" data-element_type=\"column\" data-e-type=\"column\" data-settings=\"{&quot;background_background&quot;:&quot;classic&quot;}\">\n\t\t\t<div class=\"elementor-widget-wrap\">\n\t\t\t\t\t<div class=\"elementor-background-overlay\"><\/div>\n\t\t\t\t\t\t\t<\/div>\n\t\t<\/div>\n\t\t\t\t\t<\/div>\n\t\t<\/section>\n\t\t\t\t<section class=\"elementor-section elementor-top-section elementor-element elementor-element-0d9239e elementor-section-stretched elementor-section-boxed elementor-section-height-default elementor-section-height-default\" data-id=\"0d9239e\" data-element_type=\"section\" data-e-type=\"section\" data-settings=\"{&quot;stretch_section&quot;:&quot;section-stretched&quot;,&quot;background_background&quot;:&quot;classic&quot;}\">\n\t\t\t\t\t\t<div class=\"elementor-container elementor-column-gap-default\">\n\t\t\t\t\t<div class=\"elementor-column elementor-col-100 elementor-top-column elementor-element elementor-element-0652b19\" data-id=\"0652b19\" data-element_type=\"column\" data-e-type=\"column\">\n\t\t\t<div class=\"elementor-widget-wrap elementor-element-populated\">\n\t\t\t\t\t\t<div class=\"elementor-element elementor-element-e8a8edf elementor-widget elementor-widget-text-editor\" data-id=\"e8a8edf\" data-element_type=\"widget\" data-e-type=\"widget\" data-widget_type=\"text-editor.default\">\n\t\t\t\t<div class=\"elementor-widget-container\">\n\t\t\t\t\t\t\t\t\t<p><strong>Histoire de l\u2019entreprise Hersche Airtrock S\u00e0rl<\/strong><br \/><strong>Votre sp\u00e9cialiste en mati\u00e8re de syst\u00e8mes de s\u00e9chage pour chaussures, bottes et v\u00eatements<\/strong><\/p>\t\t\t\t\t\t\t\t<\/div>\n\t\t\t\t<\/div>\n\t\t\t\t\t<\/div>\n\t\t<\/div>\n\t\t\t\t\t<\/div>\n\t\t<\/section>\n\t\t\t\t<section class=\"elementor-section elementor-top-section elementor-element elementor-element-30e6fe2 elementor-section-boxed elementor-section-height-default elementor-section-height-default\" data-id=\"30e6fe2\" data-element_type=\"section\" data-e-type=\"section\">\n\t\t\t\t\t\t<div class=\"elementor-container elementor-column-gap-default\">\n\t\t\t\t\t<div class=\"elementor-column elementor-col-100 elementor-top-column elementor-element elementor-element-c41af83\" data-id=\"c41af83\" data-element_type=\"column\" data-e-type=\"column\">\n\t\t\t<div class=\"elementor-widget-wrap elementor-element-populated\">\n\t\t\t\t\t\t<div class=\"elementor-element elementor-element-cff006e elementor-widget elementor-widget-spacer\" data-id=\"cff006e\" data-element_type=\"widget\" data-e-type=\"widget\" data-widget_type=\"spacer.default\">\n\t\t\t\t<div class=\"elementor-widget-container\">\n\t\t\t\t\t\t\t<div class=\"elementor-spacer\">\n\t\t\t<div class=\"elementor-spacer-inner\"><\/div>\n\t\t<\/div>\n\t\t\t\t\t\t<\/div>\n\t\t\t\t<\/div>\n\t\t\t\t\t<\/div>\n\t\t<\/div>\n\t\t\t\t\t<\/div>\n\t\t<\/section>\n\t\t\t\t<section class=\"elementor-section elementor-top-section elementor-element elementor-element-6df396b7 elementor-section-boxed elementor-section-height-default elementor-section-height-default\" data-id=\"6df396b7\" data-element_type=\"section\" data-e-type=\"section\">\n\t\t\t\t\t\t<div class=\"elementor-container elementor-column-gap-default\">\n\t\t\t\t\t<div class=\"elementor-column elementor-col-100 elementor-top-column elementor-element elementor-element-466b8c54\" data-id=\"466b8c54\" data-element_type=\"column\" data-e-type=\"column\">\n\t\t\t<div class=\"elementor-widget-wrap elementor-element-populated\">\n\t\t\t\t\t\t<div class=\"elementor-element elementor-element-43f3a8eb elementor-widget elementor-widget-text-editor\" data-id=\"43f3a8eb\" data-element_type=\"widget\" data-e-type=\"widget\" data-widget_type=\"text-editor.default\">\n\t\t\t\t<div class=\"elementor-widget-container\">\n\t\t\t\t\t\t\t\t\t<p>L&rsquo;histoire de l&rsquo;entreprise Hersche Airtrock S\u00e0rl commence au d\u00e9but de l&rsquo;ann\u00e9e 1992. L&rsquo;entreprise Hersche Vertretungen + Vermarktung est alors la premi\u00e8re en Suisse \u00e0 proposer des syst\u00e8mes de s\u00e9chage pour chaussures et v\u00eatements.<\/p><p>Tr\u00e8s t\u00f4t, elle se sp\u00e9cialise dans le d\u00e9veloppement de ses propres solutions et a prend le nom de HERSCHE AIRTROCK en 2001. Il en ressort une vaste gamme de produits &#8211; <a href=\"https:\/\/airtrock.ch\/fr\/seche-chaussures-suisses\/\" target=\"_blank\" rel=\"noopener\">s\u00e8che-chaussures jusqu&rsquo;\u00e0 9 paires<\/a>, <a href=\"https:\/\/airtrock.ch\/fr\/systemes-de-sechage-pour-chaussures-suisses\/\" target=\"_blank\" rel=\"noopener\">syst\u00e8mes de s\u00e9chage pour chaussures et bottes \u00e0 partir de 10 paires<\/a>, <a href=\"https:\/\/airtrock.ch\/fr\/armoires-sechantes-suisses\/\" target=\"_blank\" rel=\"noopener\">armoires-s\u00e9chantes<\/a>\u00a0diverses ou encore\u00a0<a href=\"https:\/\/airtrock.ch\/fr\/armoires-de-garde-robe-a-air-chaud-suisses\/\" target=\"_blank\" rel=\"noopener\">armoires vestiaires \u00e0 air chaud<\/a> individuelles, qui r\u00e9pondent non seulement aux besoins des personnes priv\u00e9es ou des entreprises unipersonnelles mais \u00e9galement \u00e0 ceux des grandes entreprises. Des <a href=\"https:\/\/airtrock.ch\/fr\/purificateurs-d-air-suisses\/\" target=\"_blank\" rel=\"noopener\">appareils d&rsquo;ionisation<\/a>, qui neutralisent les mauvaises odeurs, d\u00e9germent et favorisent la sant\u00e9 dans les int\u00e9rieurs, viennent compl\u00e9ter la gamme de syst\u00e8mes de s\u00e9chage. La qualit\u00e9 acquise au cours des ann\u00e9es gr\u00e2ce auxdites innovations est tr\u00e8s appr\u00e9ci\u00e9e de la client\u00e8le.<\/p><p>Le passage de flambeau du fondateur et propri\u00e9taire de longue date, Engelbert Hersche, au propri\u00e9taire actuel et directeur, Lukas Hersche, s\u2019est d\u00e9roul\u00e9 avec succ\u00e8s fin 2012. Ainsi, Hersche Airtrock S\u00e0rl (fond\u00e9e fin 2011) poursuit d\u00e9sormais la commercialisation de sa ligne de produits HERSCHE AIRTROCK comme \u00e0 l\u2019accoutum\u00e9e. Au fil des ann\u00e9es, des am\u00e9liorations ont \u00e9t\u00e9 apport\u00e9es dans les domaines de la s\u00e9curit\u00e9 et de la consommation de courant. En outre, des solutions sp\u00e9ciales pour s\u00e9cher housses, casques radio, \u00e9quipements de cano\u00eb et combinaisons de plong\u00e9e ont \u00e9t\u00e9 d\u00e9velopp\u00e9es. L\u2019accent est quant \u00e0 lui toujours mis sur la qualit\u00e9 et le fonctionnement sans encombre, tout en tenant compte des souhaits individuels de la client\u00e8le.<\/p><p>Les produits de Hersche Airtrock S\u00e0rl sont exclusivement fabriqu\u00e9s en Suisse &#8211; les installations \u00e9lectriques par <a href=\"https:\/\/www.eisenhart.ch\/\" target=\"_blank\" rel=\"noopener\">Eisenhart SA<\/a> \u00e0 Uster, les constructions m\u00e9talliques par <a href=\"https:\/\/www.tmmetall.ch\/\" target=\"_blank\" rel=\"noopener\">TM Metalltechnik SA<\/a> \u00e0 Emmen et les supports de s\u00e9chage par la <a href=\"https:\/\/www.braendi.ch\/\" target=\"_blank\" rel=\"noopener\">fondation Br\u00e4ndi<\/a> \u00e0 Kriens. Ils se d\u00e9marquent des autres produits sur le march\u00e9 par leur qualit\u00e9 et leur fonctionnalit\u00e9 incomparables.<\/p>\t\t\t\t\t\t\t\t<\/div>\n\t\t\t\t<\/div>\n\t\t\t\t\t<\/div>\n\t\t<\/div>\n\t\t\t\t\t<\/div>\n\t\t<\/section>\n\t\t\t\t<\/div>\n\t\t","protected":false},"excerpt":{"rendered":"<p>Histoire de l\u2019entreprise Hersche Airtrock S\u00e0rlVotre sp\u00e9cialiste en mati\u00e8re de [&hellip;]<\/p>\n","protected":false},"author":1,"featured_media":571,"parent":0,"menu_order":0,"comment_status":"closed","ping_status":"closed","template":"elementor_header_footer","meta":{"footnotes":""},"class_list":["post-566","page","type-page","status-publish","has-post-thumbnail","hentry"],"yoast_head":"<!-- This site is optimized with the Yoast SEO plugin v27.5 - https:\/\/yoast.com\/product\/yoast-seo-wordpress\/ -->\n<title>Histoire de l\u2019entreprise Hersche Airtrock S\u00e0rl<\/title>\n<meta name=\"description\" content=\"Histoire de l&#039;entreprise Hersche Airtrock S\u00e0rl - la pionni\u00e8re en Suisse \u00e0 repr\u00e9senter les syst\u00e8mes de s\u00e9chage pour chaussures et v\u00eatements.\" \/>\n<meta name=\"robots\" content=\"index, follow, max-snippet:-1, max-image-preview:large, max-video-preview:-1\" \/>\n<link rel=\"canonical\" href=\"https:\/\/airtrock.ch\/fr\/histoire-de-lentreprise-hersche-airtrock-gmbh\/\" \/>\n<meta property=\"og:locale\" content=\"fr_FR\" \/>\n<meta property=\"og:type\" content=\"article\" \/>\n<meta property=\"og:title\" content=\"Histoire de l\u2019entreprise Hersche Airtrock S\u00e0rl\" \/>\n<meta property=\"og:description\" content=\"Histoire de l&#039;entreprise Hersche Airtrock S\u00e0rl - la pionni\u00e8re en Suisse \u00e0 repr\u00e9senter les syst\u00e8mes de s\u00e9chage pour chaussures et v\u00eatements.\" \/>\n<meta property=\"og:url\" content=\"https:\/\/airtrock.ch\/fr\/histoire-de-lentreprise-hersche-airtrock-gmbh\/\" \/>\n<meta property=\"og:site_name\" content=\"Hersche Airtrock GmbH\" \/>\n<meta property=\"article:modified_time\" content=\"2025-11-05T13:52:48+00:00\" \/>\n<meta property=\"og:image\" content=\"https:\/\/airtrock.ch\/fr\/wp-content\/uploads\/sites\/2\/2019\/06\/cbk.jpg\" \/>\n\t<meta property=\"og:image:width\" content=\"408\" \/>\n\t<meta property=\"og:image:height\" content=\"240\" \/>\n\t<meta property=\"og:image:type\" content=\"image\/jpeg\" \/>\n<meta name=\"twitter:card\" content=\"summary_large_image\" \/>\n<meta name=\"twitter:label1\" content=\"Dur\u00e9e de lecture estim\u00e9e\" \/>\n\t<meta name=\"twitter:data1\" content=\"2 minutes\" \/>\n<script type=\"application\/ld+json\" class=\"yoast-schema-graph\">{\"@context\":\"https:\\\/\\\/schema.org\",\"@graph\":[{\"@type\":\"WebPage\",\"@id\":\"https:\\\/\\\/airtrock.ch\\\/fr\\\/histoire-de-lentreprise-hersche-airtrock-gmbh\\\/\",\"url\":\"https:\\\/\\\/airtrock.ch\\\/fr\\\/histoire-de-lentreprise-hersche-airtrock-gmbh\\\/\",\"name\":\"Histoire de l\u2019entreprise Hersche Airtrock S\u00e0rl\",\"isPartOf\":{\"@id\":\"https:\\\/\\\/airtrock.ch\\\/fr\\\/#website\"},\"primaryImageOfPage\":{\"@id\":\"https:\\\/\\\/airtrock.ch\\\/fr\\\/histoire-de-lentreprise-hersche-airtrock-gmbh\\\/#primaryimage\"},\"image\":{\"@id\":\"https:\\\/\\\/airtrock.ch\\\/fr\\\/histoire-de-lentreprise-hersche-airtrock-gmbh\\\/#primaryimage\"},\"thumbnailUrl\":\"https:\\\/\\\/airtrock.ch\\\/fr\\\/wp-content\\\/uploads\\\/sites\\\/2\\\/2019\\\/06\\\/cbk.jpg\",\"datePublished\":\"2021-08-21T15:54:27+00:00\",\"dateModified\":\"2025-11-05T13:52:48+00:00\",\"description\":\"Histoire de l'entreprise Hersche Airtrock S\u00e0rl - la pionni\u00e8re en Suisse \u00e0 repr\u00e9senter les syst\u00e8mes de s\u00e9chage pour chaussures et v\u00eatements.\",\"breadcrumb\":{\"@id\":\"https:\\\/\\\/airtrock.ch\\\/fr\\\/histoire-de-lentreprise-hersche-airtrock-gmbh\\\/#breadcrumb\"},\"inLanguage\":\"fr-FR\",\"potentialAction\":[{\"@type\":\"ReadAction\",\"target\":[\"https:\\\/\\\/airtrock.ch\\\/fr\\\/histoire-de-lentreprise-hersche-airtrock-gmbh\\\/\"]}]},{\"@type\":\"ImageObject\",\"inLanguage\":\"fr-FR\",\"@id\":\"https:\\\/\\\/airtrock.ch\\\/fr\\\/histoire-de-lentreprise-hersche-airtrock-gmbh\\\/#primaryimage\",\"url\":\"https:\\\/\\\/airtrock.ch\\\/fr\\\/wp-content\\\/uploads\\\/sites\\\/2\\\/2019\\\/06\\\/cbk.jpg\",\"contentUrl\":\"https:\\\/\\\/airtrock.ch\\\/fr\\\/wp-content\\\/uploads\\\/sites\\\/2\\\/2019\\\/06\\\/cbk.jpg\",\"width\":408,\"height\":240,\"caption\":\"Firmengeschichte Hersche Airtrock GmbH\"},{\"@type\":\"BreadcrumbList\",\"@id\":\"https:\\\/\\\/airtrock.ch\\\/fr\\\/histoire-de-lentreprise-hersche-airtrock-gmbh\\\/#breadcrumb\",\"itemListElement\":[{\"@type\":\"ListItem\",\"position\":1,\"name\":\"Startseite\",\"item\":\"https:\\\/\\\/airtrock.ch\\\/fr\\\/\"},{\"@type\":\"ListItem\",\"position\":2,\"name\":\"Histoire de l\u2019entreprise Hersche Airtrock S\u00e0rl\"}]},{\"@type\":\"WebSite\",\"@id\":\"https:\\\/\\\/airtrock.ch\\\/fr\\\/#website\",\"url\":\"https:\\\/\\\/airtrock.ch\\\/fr\\\/\",\"name\":\"Hersche Airtrock GmbH\",\"description\":\"S\u00e8che-souliers et s\u00e8che-habits Suisse\",\"potentialAction\":[{\"@type\":\"SearchAction\",\"target\":{\"@type\":\"EntryPoint\",\"urlTemplate\":\"https:\\\/\\\/airtrock.ch\\\/fr\\\/?s={search_term_string}\"},\"query-input\":{\"@type\":\"PropertyValueSpecification\",\"valueRequired\":true,\"valueName\":\"search_term_string\"}}],\"inLanguage\":\"fr-FR\"}]}<\/script>\n<!-- \/ Yoast SEO plugin. -->","yoast_head_json":{"title":"Histoire de l\u2019entreprise Hersche Airtrock S\u00e0rl","description":"Histoire de l'entreprise Hersche Airtrock S\u00e0rl - la pionni\u00e8re en Suisse \u00e0 repr\u00e9senter les syst\u00e8mes de s\u00e9chage pour chaussures et v\u00eatements.","robots":{"index":"index","follow":"follow","max-snippet":"max-snippet:-1","max-image-preview":"max-image-preview:large","max-video-preview":"max-video-preview:-1"},"canonical":"https:\/\/airtrock.ch\/fr\/histoire-de-lentreprise-hersche-airtrock-gmbh\/","og_locale":"fr_FR","og_type":"article","og_title":"Histoire de l\u2019entreprise Hersche Airtrock S\u00e0rl","og_description":"Histoire de l'entreprise Hersche Airtrock S\u00e0rl - la pionni\u00e8re en Suisse \u00e0 repr\u00e9senter les syst\u00e8mes de s\u00e9chage pour chaussures et v\u00eatements.","og_url":"https:\/\/airtrock.ch\/fr\/histoire-de-lentreprise-hersche-airtrock-gmbh\/","og_site_name":"Hersche Airtrock GmbH","article_modified_time":"2025-11-05T13:52:48+00:00","og_image":[{"width":408,"height":240,"url":"https:\/\/airtrock.ch\/fr\/wp-content\/uploads\/sites\/2\/2019\/06\/cbk.jpg","type":"image\/jpeg"}],"twitter_card":"summary_large_image","twitter_misc":{"Dur\u00e9e de lecture estim\u00e9e":"2 minutes"},"schema":{"@context":"https:\/\/schema.org","@graph":[{"@type":"WebPage","@id":"https:\/\/airtrock.ch\/fr\/histoire-de-lentreprise-hersche-airtrock-gmbh\/","url":"https:\/\/airtrock.ch\/fr\/histoire-de-lentreprise-hersche-airtrock-gmbh\/","name":"Histoire de l\u2019entreprise Hersche Airtrock S\u00e0rl","isPartOf":{"@id":"https:\/\/airtrock.ch\/fr\/#website"},"primaryImageOfPage":{"@id":"https:\/\/airtrock.ch\/fr\/histoire-de-lentreprise-hersche-airtrock-gmbh\/#primaryimage"},"image":{"@id":"https:\/\/airtrock.ch\/fr\/histoire-de-lentreprise-hersche-airtrock-gmbh\/#primaryimage"},"thumbnailUrl":"https:\/\/airtrock.ch\/fr\/wp-content\/uploads\/sites\/2\/2019\/06\/cbk.jpg","datePublished":"2021-08-21T15:54:27+00:00","dateModified":"2025-11-05T13:52:48+00:00","description":"Histoire de l'entreprise Hersche Airtrock S\u00e0rl - la pionni\u00e8re en Suisse \u00e0 repr\u00e9senter les syst\u00e8mes de s\u00e9chage pour chaussures et v\u00eatements.","breadcrumb":{"@id":"https:\/\/airtrock.ch\/fr\/histoire-de-lentreprise-hersche-airtrock-gmbh\/#breadcrumb"},"inLanguage":"fr-FR","potentialAction":[{"@type":"ReadAction","target":["https:\/\/airtrock.ch\/fr\/histoire-de-lentreprise-hersche-airtrock-gmbh\/"]}]},{"@type":"ImageObject","inLanguage":"fr-FR","@id":"https:\/\/airtrock.ch\/fr\/histoire-de-lentreprise-hersche-airtrock-gmbh\/#primaryimage","url":"https:\/\/airtrock.ch\/fr\/wp-content\/uploads\/sites\/2\/2019\/06\/cbk.jpg","contentUrl":"https:\/\/airtrock.ch\/fr\/wp-content\/uploads\/sites\/2\/2019\/06\/cbk.jpg","width":408,"height":240,"caption":"Firmengeschichte Hersche Airtrock GmbH"},{"@type":"BreadcrumbList","@id":"https:\/\/airtrock.ch\/fr\/histoire-de-lentreprise-hersche-airtrock-gmbh\/#breadcrumb","itemListElement":[{"@type":"ListItem","position":1,"name":"Startseite","item":"https:\/\/airtrock.ch\/fr\/"},{"@type":"ListItem","position":2,"name":"Histoire de l\u2019entreprise Hersche Airtrock S\u00e0rl"}]},{"@type":"WebSite","@id":"https:\/\/airtrock.ch\/fr\/#website","url":"https:\/\/airtrock.ch\/fr\/","name":"Hersche Airtrock GmbH","description":"S\u00e8che-souliers et s\u00e8che-habits Suisse","potentialAction":[{"@type":"SearchAction","target":{"@type":"EntryPoint","urlTemplate":"https:\/\/airtrock.ch\/fr\/?s={search_term_string}"},"query-input":{"@type":"PropertyValueSpecification","valueRequired":true,"valueName":"search_term_string"}}],"inLanguage":"fr-FR"}]}},"_links":{"self":[{"href":"https:\/\/airtrock.ch\/fr\/wp-json\/wp\/v2\/pages\/566","targetHints":{"allow":["GET"]}}],"collection":[{"href":"https:\/\/airtrock.ch\/fr\/wp-json\/wp\/v2\/pages"}],"about":[{"href":"https:\/\/airtrock.ch\/fr\/wp-json\/wp\/v2\/types\/page"}],"author":[{"embeddable":true,"href":"https:\/\/airtrock.ch\/fr\/wp-json\/wp\/v2\/users\/1"}],"replies":[{"embeddable":true,"href":"https:\/\/airtrock.ch\/fr\/wp-json\/wp\/v2\/comments?post=566"}],"version-history":[{"count":54,"href":"https:\/\/airtrock.ch\/fr\/wp-json\/wp\/v2\/pages\/566\/revisions"}],"predecessor-version":[{"id":6499,"href":"https:\/\/airtrock.ch\/fr\/wp-json\/wp\/v2\/pages\/566\/revisions\/6499"}],"wp:featuredmedia":[{"embeddable":true,"href":"https:\/\/airtrock.ch\/fr\/wp-json\/wp\/v2\/media\/571"}],"wp:attachment":[{"href":"https:\/\/airtrock.ch\/fr\/wp-json\/wp\/v2\/media?parent=566"}],"curies":[{"name":"wp","href":"https:\/\/api.w.org\/{rel}","templated":true}]}}