{"id":992,"date":"2021-08-27T10:16:50","date_gmt":"2021-08-27T08:16:50","guid":{"rendered":"https:\/\/2019.airtrock.ch\/fr\/?page_id=992"},"modified":"2023-10-09T15:31:52","modified_gmt":"2023-10-09T13:31:52","slug":"acheter-des-appareils-hersche-airtrock-d-occasion","status":"publish","type":"page","link":"https:\/\/airtrock.ch\/fr\/acheter-des-appareils-hersche-airtrock-d-occasion\/","title":{"rendered":"Appareils d&rsquo;occasion"},"content":{"rendered":"\t\t<div data-elementor-type=\"wp-post\" data-elementor-id=\"992\" class=\"elementor elementor-992\">\n\t\t\t\t\t\t<section class=\"elementor-section elementor-top-section elementor-element elementor-element-7d3cca1a elementor-section-stretched elementor-section-height-min-height elementor-section-boxed elementor-section-height-default elementor-section-items-middle\" data-id=\"7d3cca1a\" data-element_type=\"section\" data-e-type=\"section\" data-settings=\"{&quot;stretch_section&quot;:&quot;section-stretched&quot;,&quot;background_background&quot;:&quot;classic&quot;}\">\n\t\t\t\t\t\t<div class=\"elementor-container elementor-column-gap-default\">\n\t\t\t\t\t<div class=\"elementor-column elementor-col-100 elementor-top-column elementor-element elementor-element-b146748\" data-id=\"b146748\" data-element_type=\"column\" data-e-type=\"column\">\n\t\t\t<div class=\"elementor-widget-wrap\">\n\t\t\t\t\t\t\t<\/div>\n\t\t<\/div>\n\t\t\t\t\t<\/div>\n\t\t<\/section>\n\t\t\t\t<section class=\"elementor-section elementor-top-section elementor-element elementor-element-1426cac elementor-section-stretched elementor-section-boxed elementor-section-height-default elementor-section-height-default\" data-id=\"1426cac\" data-element_type=\"section\" data-e-type=\"section\" data-settings=\"{&quot;stretch_section&quot;:&quot;section-stretched&quot;,&quot;background_background&quot;:&quot;classic&quot;}\">\n\t\t\t\t\t\t<div class=\"elementor-container elementor-column-gap-default\">\n\t\t\t\t\t<div class=\"elementor-column elementor-col-100 elementor-top-column elementor-element elementor-element-66d9368\" data-id=\"66d9368\" data-element_type=\"column\" data-e-type=\"column\">\n\t\t\t<div class=\"elementor-widget-wrap elementor-element-populated\">\n\t\t\t\t\t\t<div class=\"elementor-element elementor-element-90867bb elementor-widget elementor-widget-text-editor\" data-id=\"90867bb\" data-element_type=\"widget\" data-e-type=\"widget\" data-widget_type=\"text-editor.default\">\n\t\t\t\t<div class=\"elementor-widget-container\">\n\t\t\t\t\t\t\t\t\t<p><strong><span class=\"S5_submenu_item\"><span class=\"s5_sub_a_span\">Acheter des appareils HERSCHE AIRTROCK d<\/span><span class=\"s5_sub_a_span\">&lsquo;o<\/span><\/span>ccasion<\/strong><\/p>\t\t\t\t\t\t\t\t<\/div>\n\t\t\t\t<\/div>\n\t\t\t\t\t<\/div>\n\t\t<\/div>\n\t\t\t\t\t<\/div>\n\t\t<\/section>\n\t\t\t\t<section class=\"elementor-section elementor-top-section elementor-element elementor-element-fee6238 elementor-section-boxed elementor-section-height-default elementor-section-height-default\" data-id=\"fee6238\" data-element_type=\"section\" data-e-type=\"section\">\n\t\t\t\t\t\t<div class=\"elementor-container elementor-column-gap-default\">\n\t\t\t\t\t<div class=\"elementor-column elementor-col-100 elementor-top-column elementor-element elementor-element-6c42376\" data-id=\"6c42376\" data-element_type=\"column\" data-e-type=\"column\">\n\t\t\t<div class=\"elementor-widget-wrap elementor-element-populated\">\n\t\t\t\t\t\t<div class=\"elementor-element elementor-element-e597891 elementor-widget elementor-widget-spacer\" data-id=\"e597891\" data-element_type=\"widget\" data-e-type=\"widget\" data-widget_type=\"spacer.default\">\n\t\t\t\t<div class=\"elementor-widget-container\">\n\t\t\t\t\t\t\t<div class=\"elementor-spacer\">\n\t\t\t<div class=\"elementor-spacer-inner\"><\/div>\n\t\t<\/div>\n\t\t\t\t\t\t<\/div>\n\t\t\t\t<\/div>\n\t\t\t\t\t<\/div>\n\t\t<\/div>\n\t\t\t\t\t<\/div>\n\t\t<\/section>\n\t\t\t\t<section class=\"elementor-section elementor-top-section elementor-element elementor-element-83d73aa elementor-section-boxed elementor-section-height-default elementor-section-height-default\" data-id=\"83d73aa\" data-element_type=\"section\" data-e-type=\"section\">\n\t\t\t\t\t\t<div class=\"elementor-container elementor-column-gap-default\">\n\t\t\t\t\t<div class=\"elementor-column elementor-col-100 elementor-top-column elementor-element elementor-element-5de38d04\" data-id=\"5de38d04\" data-element_type=\"column\" data-e-type=\"column\">\n\t\t\t<div class=\"elementor-widget-wrap elementor-element-populated\">\n\t\t\t\t\t\t<div class=\"elementor-element elementor-element-3908bc09 elementor-widget elementor-widget-text-editor\" data-id=\"3908bc09\" data-element_type=\"widget\" data-e-type=\"widget\" data-widget_type=\"text-editor.default\">\n\t\t\t\t<div class=\"elementor-widget-container\">\n\t\t\t\t\t\t\t\t\t<p>Les entreprises connaissent des agrandissements, des r\u00e9tr\u00e9cissements, des restructurations : et voil\u00e0 que les \u00e9quipements ne sont plus adapt\u00e9s ! Dans de telles situations, on \u00e9change parfois des appareils usag\u00e9s contre des neufs. Les appareils repris sont contr\u00f4l\u00e9s, nettoy\u00e9s et compl\u00e8tement r\u00e9vis\u00e9s dans notre atelier. En outre, nous rempla\u00e7ons les composantes d\u00e9fectueuses.<\/p><p>Le r\u00e9sultat : des appareils d\u2019occasion qui pr\u00e9sentent, certes, des traces d\u2019usage mais qui rempliront leur fonction technique encore longtemps. Vous avez donc la possibilit\u00e9 d\u2019acheter des appareils HERSCHE AIRTROCK d\u2019occasion \u00e0 un prix nettement r\u00e9duit.<\/p><h4>En ce moment nous avons les appareils d&rsquo;occasion suivants :<\/h4>\t\t\t\t\t\t\t\t<\/div>\n\t\t\t\t<\/div>\n\t\t\t\t\t<\/div>\n\t\t<\/div>\n\t\t\t\t\t<\/div>\n\t\t<\/section>\n\t\t\t\t<section class=\"elementor-section elementor-top-section elementor-element elementor-element-4b980ba elementor-section-boxed elementor-section-height-default elementor-section-height-default\" data-id=\"4b980ba\" data-element_type=\"section\" data-e-type=\"section\">\n\t\t\t\t\t\t<div class=\"elementor-container elementor-column-gap-default\">\n\t\t\t\t\t<div class=\"elementor-column elementor-col-100 elementor-top-column elementor-element elementor-element-a4d5d6f\" data-id=\"a4d5d6f\" data-element_type=\"column\" data-e-type=\"column\">\n\t\t\t<div class=\"elementor-widget-wrap elementor-element-populated\">\n\t\t\t\t\t\t<div class=\"elementor-element elementor-element-0820fc2 elementor-widget elementor-widget-athemes-posts\" data-id=\"0820fc2\" data-element_type=\"widget\" data-e-type=\"widget\" data-widget_type=\"athemes-posts.default\">\n\t\t\t\t<div class=\"elementor-widget-container\">\n\t\t\t\t\t\n\t\t<div class=\"panel-grid-cell\">\t\t\t<div class=\"latest-news-wrapper carousel owl-carousel row style1\">\n\t\t\t\t\t\t\t<div class=\"blog-post col-md-12\">\n\t\t\t\t\t\t\t\t\t<div class=\"entry-thumb\">\n\t\t\t\t\t\t<a href=\"https:\/\/airtrock.ch\/fr\/armoire-sechante-occasion-pour-bottes-de-peche\/\" title=\"Armoire s\u00e9chante occasion pour bottes de p\u00eache\">\n\t\t\t\t\t\t\t<img fetchpriority=\"high\" decoding=\"async\" width=\"1300\" height=\"350\" src=\"https:\/\/airtrock.ch\/fr\/wp-content\/uploads\/sites\/2\/2025\/07\/Armoire_sechante_pour_bottes_de_peche_article.jpg\" class=\"attachment-medium-thumb size-medium-thumb wp-post-image\" alt=\"\" srcset=\"https:\/\/airtrock.ch\/fr\/wp-content\/uploads\/sites\/2\/2025\/07\/Armoire_sechante_pour_bottes_de_peche_article.jpg 1300w, https:\/\/airtrock.ch\/fr\/wp-content\/uploads\/sites\/2\/2025\/07\/Armoire_sechante_pour_bottes_de_peche_article-300x81.jpg 300w, https:\/\/airtrock.ch\/fr\/wp-content\/uploads\/sites\/2\/2025\/07\/Armoire_sechante_pour_bottes_de_peche_article-1024x276.jpg 1024w, https:\/\/airtrock.ch\/fr\/wp-content\/uploads\/sites\/2\/2025\/07\/Armoire_sechante_pour_bottes_de_peche_article-768x207.jpg 768w, https:\/\/airtrock.ch\/fr\/wp-content\/uploads\/sites\/2\/2025\/07\/Armoire_sechante_pour_bottes_de_peche_article-1000x269.jpg 1000w, https:\/\/airtrock.ch\/fr\/wp-content\/uploads\/sites\/2\/2025\/07\/Armoire_sechante_pour_bottes_de_peche_article-230x62.jpg 230w, https:\/\/airtrock.ch\/fr\/wp-content\/uploads\/sites\/2\/2025\/07\/Armoire_sechante_pour_bottes_de_peche_article-350x94.jpg 350w, https:\/\/airtrock.ch\/fr\/wp-content\/uploads\/sites\/2\/2025\/07\/Armoire_sechante_pour_bottes_de_peche_article-480x129.jpg 480w\" sizes=\"(max-width: 1300px) 100vw, 1300px\" \/>\t\t\t\t\t\t<\/a>\t\t\t\n\t\t\t\t\t<\/div>\t\n\t\t\t\t\t\t\t\t\t\t\n\t\t\t\t\t\t\t\t\t<div class=\"entry-meta delimiter-dot\">\n\t\t\t\t\t\t\t\t\t\t\t\t\t\t\t\t\n\t\t\t\t\t<\/div>\n\t\t\t\t\t\t\t\t<h4 class=\"entry-title\"><a href=\"https:\/\/airtrock.ch\/fr\/armoire-sechante-occasion-pour-bottes-de-peche\/\" rel=\"bookmark\">Armoire s\u00e9chante occasion pour bottes de p\u00eache<\/a><\/h4>\t\t\t\t\t<div class=\"entry-summary\">\n\t\t\t\t\t<p>Armoire s\u00e9chante occasion pour bottes de p\u00eache et gants d&rsquo;environ 4 personnes [&#8230;]<\/p>\n<\/div>\n\t\t\t\t<\/div>\n\t\t\t\t\t\t<\/div>\n\t\t<\/div>\n\n\t\t\t\t\t\t\t\t\t\t\t\t<a href=\"https:\/\/airtrock.ch\/fr\/machines-d-occasion-hersche-airtrock\/\" class=\"roll-button more-button\">Voir tous les articles de cette cat\u00e9gorie<\/a>\n\t\t\t\t\n\t\t\t\n\t\t\n\t\t\t\t\t\t<\/div>\n\t\t\t\t<\/div>\n\t\t\t\t<div class=\"elementor-element elementor-element-33131a4 elementor-widget-divider--view-line elementor-widget elementor-widget-divider\" data-id=\"33131a4\" data-element_type=\"widget\" data-e-type=\"widget\" data-widget_type=\"divider.default\">\n\t\t\t\t<div class=\"elementor-widget-container\">\n\t\t\t\t\t\t\t<div class=\"elementor-divider\">\n\t\t\t<span class=\"elementor-divider-separator\">\n\t\t\t\t\t\t<\/span>\n\t\t<\/div>\n\t\t\t\t\t\t<\/div>\n\t\t\t\t<\/div>\n\t\t\t\t\t<\/div>\n\t\t<\/div>\n\t\t\t\t\t<\/div>\n\t\t<\/section>\n\t\t\t\t<section class=\"elementor-section elementor-top-section elementor-element elementor-element-f9294e1 elementor-section-boxed elementor-section-height-default elementor-section-height-default\" data-id=\"f9294e1\" data-element_type=\"section\" data-e-type=\"section\">\n\t\t\t\t\t\t<div class=\"elementor-container elementor-column-gap-default\">\n\t\t\t\t\t<div class=\"elementor-column elementor-col-100 elementor-top-column elementor-element elementor-element-5c44270\" data-id=\"5c44270\" data-element_type=\"column\" data-e-type=\"column\">\n\t\t\t<div class=\"elementor-widget-wrap elementor-element-populated\">\n\t\t\t\t\t\t<section class=\"elementor-section elementor-inner-section elementor-element elementor-element-66b473b elementor-section-boxed elementor-section-height-default elementor-section-height-default\" data-id=\"66b473b\" data-element_type=\"section\" data-e-type=\"section\">\n\t\t\t\t\t\t<div class=\"elementor-container elementor-column-gap-default\">\n\t\t\t\t\t<div class=\"elementor-column elementor-col-50 elementor-inner-column elementor-element elementor-element-4aac832\" data-id=\"4aac832\" data-element_type=\"column\" data-e-type=\"column\">\n\t\t\t<div class=\"elementor-widget-wrap elementor-element-populated\">\n\t\t\t\t\t\t<div class=\"elementor-element elementor-element-2337439 elementor-widget elementor-widget-text-editor\" data-id=\"2337439\" data-element_type=\"widget\" data-e-type=\"widget\" data-widget_type=\"text-editor.default\">\n\t\t\t\t<div class=\"elementor-widget-container\">\n\t\t\t\t\t\t\t\t\t<h5>Rien trouv\u00e9 cette fois-ci ?<\/h5><div>Appeler nous au 062 758 53 53 et nous vous inscrirons volontiers sur notre liste de personnes int\u00e9ress\u00e9s par des appareils d&rsquo;occasion. Nous vous recontacterons d\u00e8s qu&rsquo;il y aura un produit appropri\u00e9, ce qui pourrait toutefois prendre un peu de temps.<\/div><div>Si vous ne souhaitez pas attendre, vous trouverez certainement un appareil qui vous convient dans notre vaste gamme de produits.<\/div>\t\t\t\t\t\t\t\t<\/div>\n\t\t\t\t<\/div>\n\t\t\t\t\t<\/div>\n\t\t<\/div>\n\t\t\t\t<div class=\"elementor-column elementor-col-50 elementor-inner-column elementor-element elementor-element-ffa4a9a\" data-id=\"ffa4a9a\" data-element_type=\"column\" data-e-type=\"column\">\n\t\t\t<div class=\"elementor-widget-wrap elementor-element-populated\">\n\t\t\t\t\t\t<div class=\"elementor-element elementor-element-e26d3f2 elementor-widget elementor-widget-button\" data-id=\"e26d3f2\" data-element_type=\"widget\" data-e-type=\"widget\" data-widget_type=\"button.default\">\n\t\t\t\t<div class=\"elementor-widget-container\">\n\t\t\t\t\t\t\t\t\t<div class=\"elementor-button-wrapper\">\n\t\t\t\t\t<a class=\"elementor-button elementor-button-link elementor-size-sm\" href=\"https:\/\/airtrock.ch\/fr\/seche-chaussures-suisses\/\" target=\"_blank\">\n\t\t\t\t\t\t<span class=\"elementor-button-content-wrapper\">\n\t\t\t\t\t\t\t\t\t<span class=\"elementor-button-text\">S\u00e8che-souliers jusqu'\u00e0 9 paires<\/span>\n\t\t\t\t\t<\/span>\n\t\t\t\t\t<\/a>\n\t\t\t\t<\/div>\n\t\t\t\t\t\t\t\t<\/div>\n\t\t\t\t<\/div>\n\t\t\t\t<div class=\"elementor-element elementor-element-ffc5977 elementor-widget elementor-widget-button\" data-id=\"ffc5977\" data-element_type=\"widget\" data-e-type=\"widget\" data-widget_type=\"button.default\">\n\t\t\t\t<div class=\"elementor-widget-container\">\n\t\t\t\t\t\t\t\t\t<div class=\"elementor-button-wrapper\">\n\t\t\t\t\t<a class=\"elementor-button elementor-button-link elementor-size-sm\" href=\"https:\/\/airtrock.ch\/fr\/systemes-de-sechage-pour-chaussures-suisses\/\" target=\"_blank\">\n\t\t\t\t\t\t<span class=\"elementor-button-content-wrapper\">\n\t\t\t\t\t\t\t\t\t<span class=\"elementor-button-text\">Syst\u00e8mes de s\u00e9chage pour chaussures \u00e0 partir de 10 paires<\/span>\n\t\t\t\t\t<\/span>\n\t\t\t\t\t<\/a>\n\t\t\t\t<\/div>\n\t\t\t\t\t\t\t\t<\/div>\n\t\t\t\t<\/div>\n\t\t\t\t<div class=\"elementor-element elementor-element-1c49ef8 elementor-widget elementor-widget-button\" data-id=\"1c49ef8\" data-element_type=\"widget\" data-e-type=\"widget\" data-widget_type=\"button.default\">\n\t\t\t\t<div class=\"elementor-widget-container\">\n\t\t\t\t\t\t\t\t\t<div class=\"elementor-button-wrapper\">\n\t\t\t\t\t<a class=\"elementor-button elementor-button-link elementor-size-sm\" href=\"https:\/\/airtrock.ch\/fr\/armoires-sechantes-suisses\/\" target=\"_blank\">\n\t\t\t\t\t\t<span class=\"elementor-button-content-wrapper\">\n\t\t\t\t\t\t\t\t\t<span class=\"elementor-button-text\">Armoires s\u00e9chantes \u00e0 air chaud<\/span>\n\t\t\t\t\t<\/span>\n\t\t\t\t\t<\/a>\n\t\t\t\t<\/div>\n\t\t\t\t\t\t\t\t<\/div>\n\t\t\t\t<\/div>\n\t\t\t\t<div class=\"elementor-element elementor-element-28a684a elementor-widget elementor-widget-button\" data-id=\"28a684a\" data-element_type=\"widget\" data-e-type=\"widget\" data-widget_type=\"button.default\">\n\t\t\t\t<div class=\"elementor-widget-container\">\n\t\t\t\t\t\t\t\t\t<div class=\"elementor-button-wrapper\">\n\t\t\t\t\t<a class=\"elementor-button elementor-button-link elementor-size-sm\" href=\"https:\/\/airtrock.ch\/fr\/armoires-de-garde-robe-a-air-chaud-suisses\/\" target=\"_blank\">\n\t\t\t\t\t\t<span class=\"elementor-button-content-wrapper\">\n\t\t\t\t\t\t\t\t\t<span class=\"elementor-button-text\">Armoires de garde-robe \u00e0 air chaud<\/span>\n\t\t\t\t\t<\/span>\n\t\t\t\t\t<\/a>\n\t\t\t\t<\/div>\n\t\t\t\t\t\t\t\t<\/div>\n\t\t\t\t<\/div>\n\t\t\t\t\t<\/div>\n\t\t<\/div>\n\t\t\t\t\t<\/div>\n\t\t<\/section>\n\t\t\t\t\t<\/div>\n\t\t<\/div>\n\t\t\t\t\t<\/div>\n\t\t<\/section>\n\t\t\t\t<\/div>\n\t\t","protected":false},"excerpt":{"rendered":"<p>Acheter des appareils HERSCHE AIRTROCK d&rsquo;occasion Les entreprises connaissent des [&hellip;]<\/p>\n","protected":false},"author":1,"featured_media":0,"parent":0,"menu_order":0,"comment_status":"closed","ping_status":"closed","template":"elementor_header_footer","meta":{"footnotes":""},"class_list":["post-992","page","type-page","status-publish","hentry"],"yoast_head":"<!-- This site is optimized with the Yoast SEO plugin v27.4 - https:\/\/yoast.com\/product\/yoast-seo-wordpress\/ -->\n<title>Acheter des appareils HERSCHE AIRTROCK d&#039;occasion<\/title>\n<meta name=\"description\" content=\"Vous obtenez la possibilit\u00e9 d\u2019acheter des appareils HERSCHE AIRTROCK d&#039;occasion dans un bon \u00e9tat pour un prix nettement r\u00e9duit.\" \/>\n<meta name=\"robots\" content=\"index, follow, max-snippet:-1, max-image-preview:large, max-video-preview:-1\" \/>\n<link rel=\"canonical\" href=\"https:\/\/airtrock.ch\/fr\/acheter-des-appareils-hersche-airtrock-d-occasion\/\" \/>\n<meta property=\"og:locale\" content=\"fr_FR\" \/>\n<meta property=\"og:type\" content=\"article\" \/>\n<meta property=\"og:title\" content=\"Acheter des appareils HERSCHE AIRTROCK d&#039;occasion\" \/>\n<meta property=\"og:description\" content=\"Vous obtenez la possibilit\u00e9 d\u2019acheter des appareils HERSCHE AIRTROCK d&#039;occasion dans un bon \u00e9tat pour un prix nettement r\u00e9duit.\" \/>\n<meta property=\"og:url\" content=\"https:\/\/airtrock.ch\/fr\/acheter-des-appareils-hersche-airtrock-d-occasion\/\" \/>\n<meta property=\"og:site_name\" content=\"Hersche Airtrock GmbH\" \/>\n<meta property=\"article:modified_time\" content=\"2023-10-09T13:31:52+00:00\" \/>\n<meta property=\"og:image\" content=\"https:\/\/airtrock.ch\/fr\/wp-content\/uploads\/sites\/2\/2023\/02\/Armoire-sechante-pour-bottes-de-peche-article.jpg\" \/>\n<meta name=\"twitter:card\" content=\"summary_large_image\" \/>\n<meta name=\"twitter:label1\" content=\"Dur\u00e9e de lecture estim\u00e9e\" \/>\n\t<meta name=\"twitter:data1\" content=\"2 minutes\" \/>\n<script type=\"application\/ld+json\" class=\"yoast-schema-graph\">{\"@context\":\"https:\\\/\\\/schema.org\",\"@graph\":[{\"@type\":\"WebPage\",\"@id\":\"https:\\\/\\\/airtrock.ch\\\/fr\\\/acheter-des-appareils-hersche-airtrock-d-occasion\\\/\",\"url\":\"https:\\\/\\\/airtrock.ch\\\/fr\\\/acheter-des-appareils-hersche-airtrock-d-occasion\\\/\",\"name\":\"Acheter des appareils HERSCHE AIRTROCK d'occasion\",\"isPartOf\":{\"@id\":\"https:\\\/\\\/airtrock.ch\\\/fr\\\/#website\"},\"primaryImageOfPage\":{\"@id\":\"https:\\\/\\\/airtrock.ch\\\/fr\\\/acheter-des-appareils-hersche-airtrock-d-occasion\\\/#primaryimage\"},\"image\":{\"@id\":\"https:\\\/\\\/airtrock.ch\\\/fr\\\/acheter-des-appareils-hersche-airtrock-d-occasion\\\/#primaryimage\"},\"thumbnailUrl\":\"https:\\\/\\\/airtrock.ch\\\/fr\\\/wp-content\\\/uploads\\\/sites\\\/2\\\/2023\\\/02\\\/Armoire-sechante-pour-bottes-de-peche-article.jpg\",\"datePublished\":\"2021-08-27T08:16:50+00:00\",\"dateModified\":\"2023-10-09T13:31:52+00:00\",\"description\":\"Vous obtenez la possibilit\u00e9 d\u2019acheter des appareils HERSCHE AIRTROCK d'occasion dans un bon \u00e9tat pour un prix nettement r\u00e9duit.\",\"breadcrumb\":{\"@id\":\"https:\\\/\\\/airtrock.ch\\\/fr\\\/acheter-des-appareils-hersche-airtrock-d-occasion\\\/#breadcrumb\"},\"inLanguage\":\"fr-FR\",\"potentialAction\":[{\"@type\":\"ReadAction\",\"target\":[\"https:\\\/\\\/airtrock.ch\\\/fr\\\/acheter-des-appareils-hersche-airtrock-d-occasion\\\/\"]}]},{\"@type\":\"ImageObject\",\"inLanguage\":\"fr-FR\",\"@id\":\"https:\\\/\\\/airtrock.ch\\\/fr\\\/acheter-des-appareils-hersche-airtrock-d-occasion\\\/#primaryimage\",\"url\":\"https:\\\/\\\/airtrock.ch\\\/fr\\\/wp-content\\\/uploads\\\/sites\\\/2\\\/2023\\\/02\\\/Armoire-sechante-pour-bottes-de-peche-article.jpg\",\"contentUrl\":\"https:\\\/\\\/airtrock.ch\\\/fr\\\/wp-content\\\/uploads\\\/sites\\\/2\\\/2023\\\/02\\\/Armoire-sechante-pour-bottes-de-peche-article.jpg\"},{\"@type\":\"BreadcrumbList\",\"@id\":\"https:\\\/\\\/airtrock.ch\\\/fr\\\/acheter-des-appareils-hersche-airtrock-d-occasion\\\/#breadcrumb\",\"itemListElement\":[{\"@type\":\"ListItem\",\"position\":1,\"name\":\"Startseite\",\"item\":\"https:\\\/\\\/airtrock.ch\\\/fr\\\/\"},{\"@type\":\"ListItem\",\"position\":2,\"name\":\"Appareils d&#8217;occasion\"}]},{\"@type\":\"WebSite\",\"@id\":\"https:\\\/\\\/airtrock.ch\\\/fr\\\/#website\",\"url\":\"https:\\\/\\\/airtrock.ch\\\/fr\\\/\",\"name\":\"Hersche Airtrock GmbH\",\"description\":\"S\u00e8che-souliers et s\u00e8che-habits Suisse\",\"potentialAction\":[{\"@type\":\"SearchAction\",\"target\":{\"@type\":\"EntryPoint\",\"urlTemplate\":\"https:\\\/\\\/airtrock.ch\\\/fr\\\/?s={search_term_string}\"},\"query-input\":{\"@type\":\"PropertyValueSpecification\",\"valueRequired\":true,\"valueName\":\"search_term_string\"}}],\"inLanguage\":\"fr-FR\"}]}<\/script>\n<!-- \/ Yoast SEO plugin. -->","yoast_head_json":{"title":"Acheter des appareils HERSCHE AIRTROCK d'occasion","description":"Vous obtenez la possibilit\u00e9 d\u2019acheter des appareils HERSCHE AIRTROCK d'occasion dans un bon \u00e9tat pour un prix nettement r\u00e9duit.","robots":{"index":"index","follow":"follow","max-snippet":"max-snippet:-1","max-image-preview":"max-image-preview:large","max-video-preview":"max-video-preview:-1"},"canonical":"https:\/\/airtrock.ch\/fr\/acheter-des-appareils-hersche-airtrock-d-occasion\/","og_locale":"fr_FR","og_type":"article","og_title":"Acheter des appareils HERSCHE AIRTROCK d'occasion","og_description":"Vous obtenez la possibilit\u00e9 d\u2019acheter des appareils HERSCHE AIRTROCK d'occasion dans un bon \u00e9tat pour un prix nettement r\u00e9duit.","og_url":"https:\/\/airtrock.ch\/fr\/acheter-des-appareils-hersche-airtrock-d-occasion\/","og_site_name":"Hersche Airtrock GmbH","article_modified_time":"2023-10-09T13:31:52+00:00","og_image":[{"url":"https:\/\/airtrock.ch\/fr\/wp-content\/uploads\/sites\/2\/2023\/02\/Armoire-sechante-pour-bottes-de-peche-article.jpg","type":"","width":"","height":""}],"twitter_card":"summary_large_image","twitter_misc":{"Dur\u00e9e de lecture estim\u00e9e":"2 minutes"},"schema":{"@context":"https:\/\/schema.org","@graph":[{"@type":"WebPage","@id":"https:\/\/airtrock.ch\/fr\/acheter-des-appareils-hersche-airtrock-d-occasion\/","url":"https:\/\/airtrock.ch\/fr\/acheter-des-appareils-hersche-airtrock-d-occasion\/","name":"Acheter des appareils HERSCHE AIRTROCK d'occasion","isPartOf":{"@id":"https:\/\/airtrock.ch\/fr\/#website"},"primaryImageOfPage":{"@id":"https:\/\/airtrock.ch\/fr\/acheter-des-appareils-hersche-airtrock-d-occasion\/#primaryimage"},"image":{"@id":"https:\/\/airtrock.ch\/fr\/acheter-des-appareils-hersche-airtrock-d-occasion\/#primaryimage"},"thumbnailUrl":"https:\/\/airtrock.ch\/fr\/wp-content\/uploads\/sites\/2\/2023\/02\/Armoire-sechante-pour-bottes-de-peche-article.jpg","datePublished":"2021-08-27T08:16:50+00:00","dateModified":"2023-10-09T13:31:52+00:00","description":"Vous obtenez la possibilit\u00e9 d\u2019acheter des appareils HERSCHE AIRTROCK d'occasion dans un bon \u00e9tat pour un prix nettement r\u00e9duit.","breadcrumb":{"@id":"https:\/\/airtrock.ch\/fr\/acheter-des-appareils-hersche-airtrock-d-occasion\/#breadcrumb"},"inLanguage":"fr-FR","potentialAction":[{"@type":"ReadAction","target":["https:\/\/airtrock.ch\/fr\/acheter-des-appareils-hersche-airtrock-d-occasion\/"]}]},{"@type":"ImageObject","inLanguage":"fr-FR","@id":"https:\/\/airtrock.ch\/fr\/acheter-des-appareils-hersche-airtrock-d-occasion\/#primaryimage","url":"https:\/\/airtrock.ch\/fr\/wp-content\/uploads\/sites\/2\/2023\/02\/Armoire-sechante-pour-bottes-de-peche-article.jpg","contentUrl":"https:\/\/airtrock.ch\/fr\/wp-content\/uploads\/sites\/2\/2023\/02\/Armoire-sechante-pour-bottes-de-peche-article.jpg"},{"@type":"BreadcrumbList","@id":"https:\/\/airtrock.ch\/fr\/acheter-des-appareils-hersche-airtrock-d-occasion\/#breadcrumb","itemListElement":[{"@type":"ListItem","position":1,"name":"Startseite","item":"https:\/\/airtrock.ch\/fr\/"},{"@type":"ListItem","position":2,"name":"Appareils d&#8217;occasion"}]},{"@type":"WebSite","@id":"https:\/\/airtrock.ch\/fr\/#website","url":"https:\/\/airtrock.ch\/fr\/","name":"Hersche Airtrock GmbH","description":"S\u00e8che-souliers et s\u00e8che-habits Suisse","potentialAction":[{"@type":"SearchAction","target":{"@type":"EntryPoint","urlTemplate":"https:\/\/airtrock.ch\/fr\/?s={search_term_string}"},"query-input":{"@type":"PropertyValueSpecification","valueRequired":true,"valueName":"search_term_string"}}],"inLanguage":"fr-FR"}]}},"_links":{"self":[{"href":"https:\/\/airtrock.ch\/fr\/wp-json\/wp\/v2\/pages\/992","targetHints":{"allow":["GET"]}}],"collection":[{"href":"https:\/\/airtrock.ch\/fr\/wp-json\/wp\/v2\/pages"}],"about":[{"href":"https:\/\/airtrock.ch\/fr\/wp-json\/wp\/v2\/types\/page"}],"author":[{"embeddable":true,"href":"https:\/\/airtrock.ch\/fr\/wp-json\/wp\/v2\/users\/1"}],"replies":[{"embeddable":true,"href":"https:\/\/airtrock.ch\/fr\/wp-json\/wp\/v2\/comments?post=992"}],"version-history":[{"count":88,"href":"https:\/\/airtrock.ch\/fr\/wp-json\/wp\/v2\/pages\/992\/revisions"}],"predecessor-version":[{"id":6235,"href":"https:\/\/airtrock.ch\/fr\/wp-json\/wp\/v2\/pages\/992\/revisions\/6235"}],"wp:attachment":[{"href":"https:\/\/airtrock.ch\/fr\/wp-json\/wp\/v2\/media?parent=992"}],"curies":[{"name":"wp","href":"https:\/\/api.w.org\/{rel}","templated":true}]}}